{"id":5935,"date":"2019-08-29T02:16:55","date_gmt":"2019-08-29T02:16:55","guid":{"rendered":"https:\/\/rpsantini.com\/contatti\/"},"modified":"2021-10-22T11:36:57","modified_gmt":"2021-10-22T09:36:57","slug":"kontakt","status":"publish","type":"page","link":"https:\/\/rpsantini.com\/de\/kontakt\/","title":{"rendered":"Kontakt"},"content":{"rendered":"\t\t<div data-elementor-type=\"wp-page\" data-elementor-id=\"5935\" class=\"elementor elementor-5935\" data-elementor-settings=\"[]\">\n\t\t\t\t\t\t\t<div class=\"elementor-section-wrap\">\n\t\t\t\t\t        <section class=\"elementor-section elementor-top-section elementor-element elementor-element-3d1a3ef elementor-section-stretched elementor-section-full_width elementor-section-height-default elementor-section-height-default\" data-id=\"3d1a3ef\" data-element_type=\"section\" data-settings=\"{&quot;stretch_section&quot;:&quot;section-stretched&quot;}\">\n            \n                        <div class=\"elementor-container elementor-column-gap-no \">\n                    <div class=\"elementor-column elementor-col-100 elementor-top-column elementor-element elementor-element-b7530ab\" data-id=\"b7530ab\" data-element_type=\"column\">\n            <div class=\"elementor-widget-wrap elementor-element-populated\">\n                        \t\t<div class=\"elementor-element elementor-element-12ef65c elementor-widget elementor-widget-html\" data-id=\"12ef65c\" data-element_type=\"widget\" data-widget_type=\"html.default\">\n\t\t\t\t<div class=\"elementor-widget-container\">\n\t\t\t<iframe src=\"https:\/\/www.google.com\/maps\/embed?pb=!1m18!1m12!1m3!1d2830.5836200229496!2d10.356124115520744!3d44.80967368489789!2m3!1f0!2f0!3f0!3m2!1i1024!2i768!4f13.1!3m3!1m2!1s0x47806acaa946df2d%3A0x79cbcc50011a2546!2sVia%20Mario%20Fantelli%2C%206%2C%2043122%20Parma%20PR!5e0!3m2!1sen!2sit!4v1634048789340!5m2!1sen!2sit\" width=\"100%\" height=\"500\" style=\"border:0;\" allowfullscreen=\"\" loading=\"lazy\"><\/iframe>\t\t<\/div>\n\t\t\t\t<\/div>\n\t\t            <\/div>\n        <\/div>\n                            <\/div>\n        <\/section>\n                <section class=\"elementor-section elementor-inner-section elementor-element elementor-element-6c2888a0 elementor-section-boxed elementor-section-height-default elementor-section-height-default\" data-id=\"6c2888a0\" data-element_type=\"section\" data-settings=\"{&quot;background_background&quot;:&quot;classic&quot;}\">\n            \n                        <div class=\"elementor-container elementor-column-gap-default \">\n                    <div class=\"elementor-column elementor-col-50 elementor-inner-column elementor-element elementor-element-4682814d\" data-id=\"4682814d\" data-element_type=\"column\" data-settings=\"{&quot;background_background&quot;:&quot;classic&quot;}\">\n            <div class=\"elementor-widget-wrap elementor-element-populated\">\n                        \t\t<div class=\"elementor-element elementor-element-759c023b elementor-widget elementor-widget-text-editor\" data-id=\"759c023b\" data-element_type=\"widget\" data-widget_type=\"text-editor.default\">\n\t\t\t\t<div class=\"elementor-widget-container\">\n\t\t\t\t\t\t\t<h6 style=\"color: #fff; margin-bottom: 11px;\">Unser Firmensitz<\/h6>\nVia M. Fantelli, 6\/A\n43122 Parma \u2013 Italien\t\t\t\t\t\t<\/div>\n\t\t\t\t<\/div>\n\t\t\t\t<div class=\"elementor-element elementor-element-205d3ef1 elementor-widget elementor-widget-text-editor\" data-id=\"205d3ef1\" data-element_type=\"widget\" data-widget_type=\"text-editor.default\">\n\t\t\t\t<div class=\"elementor-widget-container\">\n\t\t\t\t\t\t\t<h6 style=\"color: #fff; margin-bottom: 11px;\">Kontakt<\/h6>\nE-mail: vendite@rpsantini.com\t\t\t\t\t\t<\/div>\n\t\t\t\t<\/div>\n\t\t\t\t<div class=\"elementor-element elementor-element-703cc527 elementor-widget elementor-widget-text-editor\" data-id=\"703cc527\" data-element_type=\"widget\" data-widget_type=\"text-editor.default\">\n\t\t\t\t<div class=\"elementor-widget-container\">\n\t\t\t\t\t\t\t<p style=\"color: #ffffff;\"> Wir sind von Montag bis Freitag<br\/> von 9 bis 12 Uhr und von 14 bis<br\/>17 Uhr f\u00fcr Sie da.<\/p>\t\t\t\t\t\t<\/div>\n\t\t\t\t<\/div>\n\t\t\t\t<div class=\"elementor-element elementor-element-1f4d164b phone__number elementor-widget elementor-widget-cms_banner_contact\" data-id=\"1f4d164b\" data-element_type=\"widget\" data-widget_type=\"cms_banner_contact.default\">\n\t\t\t\t<div class=\"elementor-widget-container\">\n\t\t\t    <div class=\"cms-banner-contact1\">\r\n        <div class=\"cms-banner-holder\">\r\n            <div class=\"cms-banner-desc\"><\/div>\r\n            <div class=\"cms-banner-phone\"><i class=\"zmdi zmdi-phone\"><\/i>+ 39 0521 272823<\/div>\r\n        <\/div>\r\n    <\/div>\t\t<\/div>\n\t\t\t\t<\/div>\n\t\t            <\/div>\n        <\/div>\n                <div class=\"elementor-column elementor-col-50 elementor-inner-column elementor-element elementor-element-77d5d8c2\" data-id=\"77d5d8c2\" data-element_type=\"column\">\n            <div class=\"elementor-widget-wrap elementor-element-populated\">\n                        \t\t<div class=\"elementor-element elementor-element-a290555 elementor-widget elementor-widget-cms_ctf7\" data-id=\"a290555\" data-element_type=\"widget\" data-widget_type=\"cms_ctf7.default\">\n\t\t\t\t<div class=\"elementor-widget-container\">\n\t\t\t    <div id=\"cms_ctf7-a290555\" class=\"cms-contact-form-layout1 style1\">\r\n        <div class=\"cms-contact-form-inner\">\r\n        \t            <div role=\"form\" class=\"wpcf7\" id=\"wpcf7-f5747-o1\" lang=\"de-DE\" dir=\"ltr\">\n<div class=\"screen-reader-response\"><p role=\"status\" aria-live=\"polite\" aria-atomic=\"true\"><\/p> <ul><\/ul><\/div>\n<form action=\"\/de\/wp-json\/wp\/v2\/pages\/5935#wpcf7-f5747-o1\" method=\"post\" class=\"wpcf7-form init\" novalidate=\"novalidate\" data-status=\"init\">\n<div style=\"display: none;\">\n<input type=\"hidden\" name=\"_wpcf7\" value=\"5747\" \/>\n<input type=\"hidden\" name=\"_wpcf7_version\" value=\"5.4.2\" \/>\n<input type=\"hidden\" name=\"_wpcf7_locale\" value=\"de_DE\" \/>\n<input type=\"hidden\" name=\"_wpcf7_unit_tag\" value=\"wpcf7-f5747-o1\" \/>\n<input type=\"hidden\" name=\"_wpcf7_container_post\" value=\"0\" \/>\n<input type=\"hidden\" name=\"_wpcf7_posted_data_hash\" value=\"\" \/>\n<\/div>\n<div class=\"row\">\n    <div class=\"col-sm-12 col-md-6 col-lg-6\">\n        <div class=\"input-filled\"><span class=\"wpcf7-form-control-wrap nome\"><input type=\"text\" name=\"nome\" value=\"\" size=\"40\" class=\"wpcf7-form-control wpcf7-text wpcf7-validates-as-required\" aria-required=\"true\" aria-invalid=\"false\" placeholder=\"Vorname*\" \/><\/span><\/div>\n    <\/div>\n    <div class=\"col-sm-12 col-md-6 col-lg-6\">\n        <div class=\"input-filled\"><span class=\"wpcf7-form-control-wrap cognome\"><input type=\"text\" name=\"cognome\" value=\"\" size=\"40\" class=\"wpcf7-form-control wpcf7-text wpcf7-validates-as-required\" aria-required=\"true\" aria-invalid=\"false\" placeholder=\"Nachname*\" \/><\/span><\/div>\n    <\/div>\n<\/div>\n\n<div class=\"row\">\n    <div class=\"col-sm-12 col-md-6 col-lg-6\">\n        <div class=\"input-filled\"><span class=\"wpcf7-form-control-wrap telefono\"><input type=\"text\" name=\"telefono\" value=\"\" size=\"40\" class=\"wpcf7-form-control wpcf7-text wpcf7-validates-as-required\" aria-required=\"true\" aria-invalid=\"false\" placeholder=\"Telefon\" \/><\/span><\/div>\n    <\/div>\n    <div class=\"col-sm-12 col-md-6 col-lg-6\">\n        <div class=\"input-filled\"><span class=\"wpcf7-form-control-wrap e-mail\"><input type=\"email\" name=\"e-mail\" value=\"\" size=\"40\" class=\"wpcf7-form-control wpcf7-text wpcf7-email wpcf7-validates-as-required wpcf7-validates-as-email\" aria-required=\"true\" aria-invalid=\"false\" placeholder=\"Email*\" \/><\/span><\/div>\n    <\/div>\n<\/div>\n\n<div class=\"row\">\n    <div class=\"col-12\">\n        <div class=\"input-filled\"><span class=\"wpcf7-form-control-wrap messaggio\"><textarea name=\"messaggio\" cols=\"40\" rows=\"10\" class=\"wpcf7-form-control wpcf7-textarea wpcf7-validates-as-required\" aria-required=\"true\" aria-invalid=\"false\" placeholder=\"Geben Sie hier Ihre Nachricht ein\"><\/textarea><\/span><\/div>\n    <\/div>\n<\/div>\n\n<div class=\"row\">\n    <div class=\"col-12 flex-1025 form__acceptance\" style=\"margin-top: -20px;\">\n<span class=\"wpcf7-form-control-wrap acceptance-52\"><span class=\"wpcf7-form-control wpcf7-acceptance\"><span class=\"wpcf7-list-item\"><label><input type=\"checkbox\" name=\"acceptance-52\" value=\"1\" aria-invalid=\"false\" \/><span class=\"wpcf7-list-item-label\">Ich akzeptiere die Verarbeitung personenbezogener Daten gem\u00e4\u00df der Datenschutzrichtlinie\u00a0<a href=\"https:\/\/www.iubenda.com\/privacy-policy\/24868672\" target=\"_BLANK\">privacy policy<\/a><\/span><\/span><\/label><\/span><\/span><\/span>\n      <button type=\"submit\" class=\"wpcf7-submit btn btn-big btn-secondary\">Senden<i class=\"far fac-arrow-right space-left\"><\/i><\/button>\n\n    <\/div>\n<\/div><div class=\"wpcf7-response-output\" aria-hidden=\"true\"><\/div><\/form><\/div>        <\/div>\r\n    <\/div>\r\n\t\t<\/div>\n\t\t\t\t<\/div>\n\t\t\t\t<div class=\"elementor-element elementor-element-b3eb064 elementor-widget elementor-widget-text-editor\" data-id=\"b3eb064\" data-element_type=\"widget\" data-widget_type=\"text-editor.default\">\n\t\t\t\t<div class=\"elementor-widget-container\">\n\t\t\t\t\t\t\t<p class=\"p1\"><b>M\u00f6chten Sie weitere Informationen anfordern?<\/b>\nF\u00fcllen Sie das Formular vollst\u00e4ndig aus, um weitere Informationen \u00fcber unsere Produkte, unsere Dienstleistungen und unser Unternehmen zu erhalten. Wir werden uns mit Ihnen in Verbindung setzen.\n\nVerbindung setzen! <\/p>\t\t\t\t\t\t<\/div>\n\t\t\t\t<\/div>\n\t\t            <\/div>\n        <\/div>\n                            <\/div>\n        <\/section>\n                <section class=\"elementor-section elementor-top-section elementor-element elementor-element-cd0c9c4 elementor-section-boxed elementor-section-height-default elementor-section-height-default\" data-id=\"cd0c9c4\" data-element_type=\"section\">\n            \n                        <div class=\"elementor-container elementor-column-gap-extended \">\n                    <div class=\"elementor-column elementor-col-33 elementor-top-column elementor-element elementor-element-f630fe8\" data-id=\"f630fe8\" data-element_type=\"column\">\n            <div class=\"elementor-widget-wrap elementor-element-populated\">\n                        \t\t<div class=\"elementor-element elementor-element-de7b41a elementor-widget elementor-widget-cms_heading\" data-id=\"de7b41a\" data-element_type=\"widget\" data-widget_type=\"cms_heading.default\">\n\t\t\t\t<div class=\"elementor-widget-container\">\n\t\t\t<div class=\"cms-heading-wrapper cms-heading-layout1\">\r\n    \r\n            <h2 class=\"custom-heading\">\r\n            <span >F\u00fcr kommerzielle Anfragen<\/span>\r\n        <\/h2>\r\n        \r\n    <\/div>\t\t<\/div>\n\t\t\t\t<\/div>\n\t\t\t\t<div class=\"elementor-element elementor-element-58fc4c3 elementor-widget elementor-widget-text-editor\" data-id=\"58fc4c3\" data-element_type=\"widget\" data-widget_type=\"text-editor.default\">\n\t\t\t\t<div class=\"elementor-widget-container\">\n\t\t\t\t\t\t\t<p class=\"p1\">E-mail: acquisti@rpsantini.com<\/p>\t\t\t\t\t\t<\/div>\n\t\t\t\t<\/div>\n\t\t            <\/div>\n        <\/div>\n                <div class=\"elementor-column elementor-col-33 elementor-top-column elementor-element elementor-element-5a21e5f\" data-id=\"5a21e5f\" data-element_type=\"column\">\n            <div class=\"elementor-widget-wrap elementor-element-populated\">\n                        \t\t<div class=\"elementor-element elementor-element-1d48f0c elementor-widget elementor-widget-cms_heading\" data-id=\"1d48f0c\" data-element_type=\"widget\" data-widget_type=\"cms_heading.default\">\n\t\t\t\t<div class=\"elementor-widget-container\">\n\t\t\t<div class=\"cms-heading-wrapper cms-heading-layout1\">\r\n    \r\n            <h2 class=\"custom-heading\">\r\n            <span >F\u00fcr allgemeine Informationen<\/span>\r\n        <\/h2>\r\n        \r\n    <\/div>\t\t<\/div>\n\t\t\t\t<\/div>\n\t\t\t\t<div class=\"elementor-element elementor-element-885a624 elementor-widget elementor-widget-text-editor\" data-id=\"885a624\" data-element_type=\"widget\" data-widget_type=\"text-editor.default\">\n\t\t\t\t<div class=\"elementor-widget-container\">\n\t\t\t\t\t\t\t<p class=\"p1\">E-mail: info@rpsantini.com<\/p>\t\t\t\t\t\t<\/div>\n\t\t\t\t<\/div>\n\t\t            <\/div>\n        <\/div>\n                <div class=\"elementor-column elementor-col-33 elementor-top-column elementor-element elementor-element-202b906\" data-id=\"202b906\" data-element_type=\"column\">\n            <div class=\"elementor-widget-wrap elementor-element-populated\">\n                        \t\t<div class=\"elementor-element elementor-element-314b24c elementor-widget elementor-widget-cms_heading\" data-id=\"314b24c\" data-element_type=\"widget\" data-widget_type=\"cms_heading.default\">\n\t\t\t\t<div class=\"elementor-widget-container\">\n\t\t\t<div class=\"cms-heading-wrapper cms-heading-layout1\">\r\n    \r\n            <h2 class=\"custom-heading\">\r\n            <span >Um mit uns zu arbeiten<\/span>\r\n        <\/h2>\r\n        \r\n    <\/div>\t\t<\/div>\n\t\t\t\t<\/div>\n\t\t\t\t<div class=\"elementor-element elementor-element-6532796 elementor-widget elementor-widget-text-editor\" data-id=\"6532796\" data-element_type=\"widget\" data-widget_type=\"text-editor.default\">\n\t\t\t\t<div class=\"elementor-widget-container\">\n\t\t\t\t\t\t\t<p class=\"p1\">E-mail: candidati@rpsantini.com<\/p>\t\t\t\t\t\t<\/div>\n\t\t\t\t<\/div>\n\t\t            <\/div>\n        <\/div>\n                            <\/div>\n        <\/section>\n        \t\t\t\t<\/div>\n\t\t\t\t\t<\/div>\n\t\t","protected":false},"excerpt":{"rendered":"<p>Unser Firmensitz Via M. Fantelli, 6\/A 43122 Parma \u2013 Italien Kontakt E-mail: vendite@rpsantini.com Wir sind von Montag bis Freitag von 9 bis 12 Uhr und von 14 bis17 Uhr f\u00fcr Sie da. + 39 0521 272823 Accetto il trattamento dei dati personali secondo la\u00a0privacy policy Invia M\u00f6chten Sie weitere Informationen anfordern? F\u00fcllen Sie das Formular [&hellip;]<\/p>\n","protected":false},"author":1,"featured_media":0,"parent":0,"menu_order":0,"comment_status":"closed","ping_status":"closed","template":"","meta":{"footnotes":""},"class_list":["post-5935","page","type-page","status-publish","hentry"],"yoast_head":"<!-- This site is optimized with the Yoast SEO plugin v17.3 - https:\/\/yoast.com\/wordpress\/plugins\/seo\/ -->\n<title>Ihre Anfrage senden | RP Santini<\/title>\n<meta name=\"description\" content=\"M\u00f6chten Sie mit den Mitarbeitern von RP Santini sprechen? Hier finden Sie das Kontaktformular und n\u00fctzliche Kontaktinformationen...\" \/>\n<meta name=\"robots\" content=\"index, follow, max-snippet:-1, max-image-preview:large, max-video-preview:-1\" \/>\n<link rel=\"canonical\" href=\"https:\/\/rpsantini.com\/de\/kontakt\/\" \/>\n<meta property=\"og:locale\" content=\"de_DE\" \/>\n<meta property=\"og:type\" content=\"article\" \/>\n<meta property=\"og:title\" content=\"Ihre Anfrage senden | RP Santini\" \/>\n<meta property=\"og:description\" content=\"M\u00f6chten Sie mit den Mitarbeitern von RP Santini sprechen? Hier finden Sie das Kontaktformular und n\u00fctzliche Kontaktinformationen...\" \/>\n<meta property=\"og:url\" content=\"https:\/\/rpsantini.com\/de\/kontakt\/\" \/>\n<meta property=\"og:site_name\" content=\"RP Santini\" \/>\n<meta property=\"article:modified_time\" content=\"2021-10-22T09:36:57+00:00\" \/>\n<meta name=\"twitter:card\" content=\"summary_large_image\" \/>\n<script type=\"application\/ld+json\" class=\"yoast-schema-graph\">{\"@context\":\"https:\/\/schema.org\",\"@graph\":[{\"@type\":\"WebSite\",\"@id\":\"https:\/\/rpsantini.com\/#website\",\"url\":\"https:\/\/rpsantini.com\/\",\"name\":\"RP Santini\",\"description\":\"\",\"potentialAction\":[{\"@type\":\"SearchAction\",\"target\":{\"@type\":\"EntryPoint\",\"urlTemplate\":\"https:\/\/rpsantini.com\/?s={search_term_string}\"},\"query-input\":\"required name=search_term_string\"}],\"inLanguage\":\"de\"},{\"@type\":\"WebPage\",\"@id\":\"https:\/\/rpsantini.com\/de\/kontakt\/#webpage\",\"url\":\"https:\/\/rpsantini.com\/de\/kontakt\/\",\"name\":\"Ihre Anfrage senden | RP Santini\",\"isPartOf\":{\"@id\":\"https:\/\/rpsantini.com\/#website\"},\"datePublished\":\"2019-08-29T02:16:55+00:00\",\"dateModified\":\"2021-10-22T09:36:57+00:00\",\"description\":\"M\\u00f6chten Sie mit den Mitarbeitern von RP Santini sprechen? Hier finden Sie das Kontaktformular und n\\u00fctzliche Kontaktinformationen...\",\"breadcrumb\":{\"@id\":\"https:\/\/rpsantini.com\/de\/kontakt\/#breadcrumb\"},\"inLanguage\":\"de\",\"potentialAction\":[{\"@type\":\"ReadAction\",\"target\":[\"https:\/\/rpsantini.com\/de\/kontakt\/\"]}]},{\"@type\":\"BreadcrumbList\",\"@id\":\"https:\/\/rpsantini.com\/de\/kontakt\/#breadcrumb\",\"itemListElement\":[{\"@type\":\"ListItem\",\"position\":1,\"name\":\"Home\",\"item\":\"https:\/\/rpsantini.com\/de\/\"},{\"@type\":\"ListItem\",\"position\":2,\"name\":\"Kontakt\"}]}]}<\/script>\n<!-- \/ Yoast SEO plugin. -->","yoast_head_json":{"title":"Ihre Anfrage senden | RP Santini","description":"M\u00f6chten Sie mit den Mitarbeitern von RP Santini sprechen? Hier finden Sie das Kontaktformular und n\u00fctzliche Kontaktinformationen...","robots":{"index":"index","follow":"follow","max-snippet":"max-snippet:-1","max-image-preview":"max-image-preview:large","max-video-preview":"max-video-preview:-1"},"canonical":"https:\/\/rpsantini.com\/de\/kontakt\/","og_locale":"de_DE","og_type":"article","og_title":"Ihre Anfrage senden | RP Santini","og_description":"M\u00f6chten Sie mit den Mitarbeitern von RP Santini sprechen? Hier finden Sie das Kontaktformular und n\u00fctzliche Kontaktinformationen...","og_url":"https:\/\/rpsantini.com\/de\/kontakt\/","og_site_name":"RP Santini","article_modified_time":"2021-10-22T09:36:57+00:00","twitter_card":"summary_large_image","schema":{"@context":"https:\/\/schema.org","@graph":[{"@type":"WebSite","@id":"https:\/\/rpsantini.com\/#website","url":"https:\/\/rpsantini.com\/","name":"RP Santini","description":"","potentialAction":[{"@type":"SearchAction","target":{"@type":"EntryPoint","urlTemplate":"https:\/\/rpsantini.com\/?s={search_term_string}"},"query-input":"required name=search_term_string"}],"inLanguage":"de"},{"@type":"WebPage","@id":"https:\/\/rpsantini.com\/de\/kontakt\/#webpage","url":"https:\/\/rpsantini.com\/de\/kontakt\/","name":"Ihre Anfrage senden | RP Santini","isPartOf":{"@id":"https:\/\/rpsantini.com\/#website"},"datePublished":"2019-08-29T02:16:55+00:00","dateModified":"2021-10-22T09:36:57+00:00","description":"M\u00f6chten Sie mit den Mitarbeitern von RP Santini sprechen? Hier finden Sie das Kontaktformular und n\u00fctzliche Kontaktinformationen...","breadcrumb":{"@id":"https:\/\/rpsantini.com\/de\/kontakt\/#breadcrumb"},"inLanguage":"de","potentialAction":[{"@type":"ReadAction","target":["https:\/\/rpsantini.com\/de\/kontakt\/"]}]},{"@type":"BreadcrumbList","@id":"https:\/\/rpsantini.com\/de\/kontakt\/#breadcrumb","itemListElement":[{"@type":"ListItem","position":1,"name":"Home","item":"https:\/\/rpsantini.com\/de\/"},{"@type":"ListItem","position":2,"name":"Kontakt"}]}]}},"_links":{"self":[{"href":"https:\/\/rpsantini.com\/de\/wp-json\/wp\/v2\/pages\/5935","targetHints":{"allow":["GET"]}}],"collection":[{"href":"https:\/\/rpsantini.com\/de\/wp-json\/wp\/v2\/pages"}],"about":[{"href":"https:\/\/rpsantini.com\/de\/wp-json\/wp\/v2\/types\/page"}],"author":[{"embeddable":true,"href":"https:\/\/rpsantini.com\/de\/wp-json\/wp\/v2\/users\/1"}],"replies":[{"embeddable":true,"href":"https:\/\/rpsantini.com\/de\/wp-json\/wp\/v2\/comments?post=5935"}],"version-history":[{"count":7,"href":"https:\/\/rpsantini.com\/de\/wp-json\/wp\/v2\/pages\/5935\/revisions"}],"predecessor-version":[{"id":5943,"href":"https:\/\/rpsantini.com\/de\/wp-json\/wp\/v2\/pages\/5935\/revisions\/5943"}],"wp:attachment":[{"href":"https:\/\/rpsantini.com\/de\/wp-json\/wp\/v2\/media?parent=5935"}],"curies":[{"name":"wp","href":"https:\/\/api.w.org\/{rel}","templated":true}]}}