{"id":5881,"date":"2021-10-01T14:34:39","date_gmt":"2021-10-01T12:34:39","guid":{"rendered":"https:\/\/rpsantini.com\/altri-settori\/"},"modified":"2023-03-09T10:20:30","modified_gmt":"2023-03-09T09:20:30","slug":"andere-branchen","status":"publish","type":"page","link":"https:\/\/rpsantini.com\/de\/andere-branchen\/","title":{"rendered":"Andere Branchen"},"content":{"rendered":"\t\t<div data-elementor-type=\"wp-page\" data-elementor-id=\"5881\" class=\"elementor elementor-5881\" data-elementor-settings=\"[]\">\n\t\t\t\t\t\t\t<div class=\"elementor-section-wrap\">\n\t\t\t\t\t        <section class=\"elementor-section elementor-top-section elementor-element elementor-element-4120ebba elementor-section-stretched elementor-section-boxed elementor-section-height-default elementor-section-height-default\" data-id=\"4120ebba\" data-element_type=\"section\" data-settings=\"{&quot;stretch_section&quot;:&quot;section-stretched&quot;,&quot;background_background&quot;:&quot;classic&quot;}\">\n                            <div class=\"elementor-background-overlay\"><\/div>\n                \n                        <div class=\"elementor-container elementor-column-gap-default \">\n                    <div class=\"elementor-column elementor-col-100 elementor-top-column elementor-element elementor-element-5298d16e\" data-id=\"5298d16e\" data-element_type=\"column\">\n            <div class=\"elementor-widget-wrap elementor-element-populated\">\n                        \t\t<div class=\"elementor-element elementor-element-7739bcca elementor-widget elementor-widget-cms_heading\" data-id=\"7739bcca\" data-element_type=\"widget\" data-widget_type=\"cms_heading.default\">\n\t\t\t\t<div class=\"elementor-widget-container\">\n\t\t\t<div class=\"cms-heading-wrapper cms-heading-layout1\">\r\n    \r\n            <h2 class=\"custom-heading\">\r\n            <span >Andere<br \/> Sektoren<\/span>\r\n        <\/h2>\r\n        \r\n    <\/div>\t\t<\/div>\n\t\t\t\t<\/div>\n\t\t            <\/div>\n        <\/div>\n                            <\/div>\n        <\/section>\n                <section class=\"elementor-section elementor-top-section elementor-element elementor-element-64a75e43 elementor-section-boxed elementor-section-height-default elementor-section-height-default\" data-id=\"64a75e43\" data-element_type=\"section\">\n            \n                        <div class=\"elementor-container elementor-column-gap-extended \">\n                    <div class=\"elementor-column elementor-col-100 elementor-top-column elementor-element elementor-element-2e9bec9e e-sidebar-widget\" data-id=\"2e9bec9e\" data-element_type=\"column\">\n            <div class=\"elementor-widget-wrap elementor-element-populated\">\n                        \t\t<div class=\"elementor-element elementor-element-15ffa9b8 elementor-widget elementor-widget-cms_heading\" data-id=\"15ffa9b8\" data-element_type=\"widget\" data-widget_type=\"cms_heading.default\">\n\t\t\t\t<div class=\"elementor-widget-container\">\n\t\t\t<div class=\"cms-heading-wrapper cms-heading-layout1\">\r\n    \r\n            <h1 class=\"custom-heading\">\r\n            <span >Mechanisches Pr\u00e4zisionsdrehen f\u00fcr alle Branchen<\/span>\r\n        <\/h1>\r\n        \r\n    <\/div>\t\t<\/div>\n\t\t\t\t<\/div>\n\t\t\t\t<div class=\"elementor-element elementor-element-57c5f80f elementor-widget elementor-widget-image-gallery\" data-id=\"57c5f80f\" data-element_type=\"widget\" data-widget_type=\"image-gallery.default\">\n\t\t\t\t<div class=\"elementor-widget-container\">\n\t\t\t\t\t<div class=\"elementor-image-gallery\">\n\t\t\t<div id='gallery-1' class='gallery galleryid-5881 gallery-columns-2 gallery-size-full'><figure class='gallery-item'>\n\t\t\t<div class='gallery-icon landscape'>\n\t\t\t\t<a data-elementor-open-lightbox=\"yes\" data-elementor-lightbox-slideshow=\"57c5f80f\" data-elementor-lightbox-title=\"ALTRI SETTORI_1\" href='https:\/\/rpsantini.com\/wp-content\/uploads\/2021\/10\/ALTRI-SETTORI_1.jpg'><img loading=\"lazy\" decoding=\"async\" width=\"600\" height=\"600\" src=\"https:\/\/rpsantini.com\/wp-content\/uploads\/2021\/10\/ALTRI-SETTORI_1.jpg\" class=\"attachment-full size-full\" alt=\"\" srcset=\"https:\/\/rpsantini.com\/wp-content\/uploads\/2021\/10\/ALTRI-SETTORI_1.jpg 600w, https:\/\/rpsantini.com\/wp-content\/uploads\/2021\/10\/ALTRI-SETTORI_1-300x300.jpg 300w, https:\/\/rpsantini.com\/wp-content\/uploads\/2021\/10\/ALTRI-SETTORI_1-150x150.jpg 150w\" sizes=\"auto, (max-width: 600px) 100vw, 600px\" \/><\/a>\n\t\t\t<\/div><\/figure><figure class='gallery-item'>\n\t\t\t<div class='gallery-icon landscape'>\n\t\t\t\t<a data-elementor-open-lightbox=\"yes\" data-elementor-lightbox-slideshow=\"57c5f80f\" data-elementor-lightbox-title=\"ALTRI SETTORI_2\" href='https:\/\/rpsantini.com\/wp-content\/uploads\/2021\/10\/ALTRI-SETTORI_2.jpg'><img loading=\"lazy\" decoding=\"async\" width=\"600\" height=\"600\" src=\"https:\/\/rpsantini.com\/wp-content\/uploads\/2021\/10\/ALTRI-SETTORI_2.jpg\" class=\"attachment-full size-full\" alt=\"\" srcset=\"https:\/\/rpsantini.com\/wp-content\/uploads\/2021\/10\/ALTRI-SETTORI_2.jpg 600w, https:\/\/rpsantini.com\/wp-content\/uploads\/2021\/10\/ALTRI-SETTORI_2-300x300.jpg 300w, https:\/\/rpsantini.com\/wp-content\/uploads\/2021\/10\/ALTRI-SETTORI_2-150x150.jpg 150w\" sizes=\"auto, (max-width: 600px) 100vw, 600px\" \/><\/a>\n\t\t\t<\/div><\/figure><figure class='gallery-item'>\n\t\t\t<div class='gallery-icon landscape'>\n\t\t\t\t<a data-elementor-open-lightbox=\"yes\" data-elementor-lightbox-slideshow=\"57c5f80f\" data-elementor-lightbox-title=\"ALTRI SETTORI_3\" href='https:\/\/rpsantini.com\/wp-content\/uploads\/2021\/10\/ALTRI-SETTORI_3.jpg'><img loading=\"lazy\" decoding=\"async\" width=\"600\" height=\"600\" src=\"https:\/\/rpsantini.com\/wp-content\/uploads\/2021\/10\/ALTRI-SETTORI_3.jpg\" class=\"attachment-full size-full\" alt=\"\" srcset=\"https:\/\/rpsantini.com\/wp-content\/uploads\/2021\/10\/ALTRI-SETTORI_3.jpg 600w, https:\/\/rpsantini.com\/wp-content\/uploads\/2021\/10\/ALTRI-SETTORI_3-300x300.jpg 300w, https:\/\/rpsantini.com\/wp-content\/uploads\/2021\/10\/ALTRI-SETTORI_3-150x150.jpg 150w\" sizes=\"auto, (max-width: 600px) 100vw, 600px\" \/><\/a>\n\t\t\t<\/div><\/figure>\n\t\t<\/div>\n\t\t<\/div>\n\t\t\t\t<\/div>\n\t\t\t\t<\/div>\n\t\t\t\t<div class=\"elementor-element elementor-element-7262b2c6 elementor-widget elementor-widget-spacer\" data-id=\"7262b2c6\" data-element_type=\"widget\" data-widget_type=\"spacer.default\">\n\t\t\t\t<div class=\"elementor-widget-container\">\n\t\t\t\t\t<div class=\"elementor-spacer\">\n\t\t\t<div class=\"elementor-spacer-inner\"><\/div>\n\t\t<\/div>\n\t\t\t\t<\/div>\n\t\t\t\t<\/div>\n\t\t\t\t<div class=\"elementor-element elementor-element-29019193 elementor-widget elementor-widget-cms_heading\" data-id=\"29019193\" data-element_type=\"widget\" data-widget_type=\"cms_heading.default\">\n\t\t\t\t<div class=\"elementor-widget-container\">\n\t\t\t<div class=\"cms-heading-wrapper cms-heading-layout1\">\r\n    \r\n            <h2 class=\"custom-heading\">\r\n            <span >Was wir bieten?<\/span>\r\n        <\/h2>\r\n        \r\n    <\/div>\t\t<\/div>\n\t\t\t\t<\/div>\n\t\t\t\t<div class=\"elementor-element elementor-element-28b8e8f7 elementor-widget elementor-widget-text-editor\" data-id=\"28b8e8f7\" data-element_type=\"widget\" data-widget_type=\"text-editor.default\">\n\t\t\t\t<div class=\"elementor-widget-container\">\n\t\t\t\t\t\t\t<p class=\"p1\">Dank der Flexibilit\u00e4t unserer Produktion, des uns zur Verf\u00fcgung stehenden Maschinenparks und unserer Professionalit\u00e4t sind wir ohne Einschr\u00e4nkungen in der Lage, <b>mechanische Kleinteile f\u00fcr jeden Bereich <\/b>und jeden Verwendungszweck herzustellen. Unser <a href=\"\/de\/prodotti\/katalog\/\"><span class=\"s1\">Produktkatalog <\/span><\/a>und die Herstellung von <a href=\"\/de\/massgeschneiderte-produkte\/\"><span class=\"s1\">Sonderanfertigungen<\/span><\/a> erm\u00f6glichen es uns, auf jede Anforderung einzugehen.<\/p>\t\t\t\t\t\t<\/div>\n\t\t\t\t<\/div>\n\t\t\t\t<div class=\"elementor-element elementor-element-5bbadba5 elementor-widget elementor-widget-spacer\" data-id=\"5bbadba5\" data-element_type=\"widget\" data-widget_type=\"spacer.default\">\n\t\t\t\t<div class=\"elementor-widget-container\">\n\t\t\t\t\t<div class=\"elementor-spacer\">\n\t\t\t<div class=\"elementor-spacer-inner\"><\/div>\n\t\t<\/div>\n\t\t\t\t<\/div>\n\t\t\t\t<\/div>\n\t\t\t\t<div class=\"elementor-element elementor-element-10e6a3f4 elementor-widget elementor-widget-spacer\" data-id=\"10e6a3f4\" data-element_type=\"widget\" data-widget_type=\"spacer.default\">\n\t\t\t\t<div class=\"elementor-widget-container\">\n\t\t\t\t\t<div class=\"elementor-spacer\">\n\t\t\t<div class=\"elementor-spacer-inner\"><\/div>\n\t\t<\/div>\n\t\t\t\t<\/div>\n\t\t\t\t<\/div>\n\t\t\t\t<div class=\"elementor-element elementor-element-48242fb3 elementor-widget elementor-widget-spacer\" data-id=\"48242fb3\" data-element_type=\"widget\" data-widget_type=\"spacer.default\">\n\t\t\t\t<div class=\"elementor-widget-container\">\n\t\t\t\t\t<div class=\"elementor-spacer\">\n\t\t\t<div class=\"elementor-spacer-inner\"><\/div>\n\t\t<\/div>\n\t\t\t\t<\/div>\n\t\t\t\t<\/div>\n\t\t\t\t<div class=\"elementor-element elementor-element-25c30927 elementor-widget elementor-widget-spacer\" data-id=\"25c30927\" data-element_type=\"widget\" data-widget_type=\"spacer.default\">\n\t\t\t\t<div class=\"elementor-widget-container\">\n\t\t\t\t\t<div class=\"elementor-spacer\">\n\t\t\t<div class=\"elementor-spacer-inner\"><\/div>\n\t\t<\/div>\n\t\t\t\t<\/div>\n\t\t\t\t<\/div>\n\t\t\t\t<div class=\"elementor-element elementor-element-32f33dc0 elementor-widget elementor-widget-spacer\" data-id=\"32f33dc0\" data-element_type=\"widget\" data-widget_type=\"spacer.default\">\n\t\t\t\t<div class=\"elementor-widget-container\">\n\t\t\t\t\t<div class=\"elementor-spacer\">\n\t\t\t<div class=\"elementor-spacer-inner\"><\/div>\n\t\t<\/div>\n\t\t\t\t<\/div>\n\t\t\t\t<\/div>\n\t\t            <\/div>\n        <\/div>\n                            <\/div>\n        <\/section>\n                <section class=\"elementor-section elementor-inner-section elementor-element elementor-element-723009d4 elementor-section-boxed elementor-section-height-default elementor-section-height-default\" data-id=\"723009d4\" data-element_type=\"section\" data-settings=\"{&quot;background_background&quot;:&quot;classic&quot;}\">\n            \n                        <div class=\"elementor-container elementor-column-gap-default \">\n                    <div class=\"elementor-column elementor-col-50 elementor-inner-column elementor-element elementor-element-4e533f1f\" data-id=\"4e533f1f\" data-element_type=\"column\" data-settings=\"{&quot;background_background&quot;:&quot;classic&quot;}\">\n            <div class=\"elementor-widget-wrap elementor-element-populated\">\n                        \t\t<div class=\"elementor-element elementor-element-2d573c70 elementor-widget elementor-widget-text-editor\" data-id=\"2d573c70\" data-element_type=\"widget\" data-widget_type=\"text-editor.default\">\n\t\t\t\t<div class=\"elementor-widget-container\">\n\t\t\t\t\t\t\t<h6 style=\"color: #fff; margin-bottom: 11px;\">Unser Firmensitz<\/h6>\nVia M. Fantelli, 6\/A\n43122 Parma \u2013 Italien\t\t\t\t\t\t<\/div>\n\t\t\t\t<\/div>\n\t\t\t\t<div class=\"elementor-element elementor-element-13b537d5 elementor-widget elementor-widget-text-editor\" data-id=\"13b537d5\" data-element_type=\"widget\" data-widget_type=\"text-editor.default\">\n\t\t\t\t<div class=\"elementor-widget-container\">\n\t\t\t\t\t\t\t<h6 style=\"color: #fff; margin-bottom: 11px;\">Kontakt<\/h6>\nE-mail: vendite@rpsantini.com\t\t\t\t\t\t<\/div>\n\t\t\t\t<\/div>\n\t\t\t\t<div class=\"elementor-element elementor-element-661b19d elementor-widget elementor-widget-text-editor\" data-id=\"661b19d\" data-element_type=\"widget\" data-widget_type=\"text-editor.default\">\n\t\t\t\t<div class=\"elementor-widget-container\">\n\t\t\t\t\t\t\t<p style=\"color: #ffffff;\"> Wir sind von Montag bis Freitag<br\/> von 9 bis 12 Uhr und von 14 bis<br\/>17 Uhr f\u00fcr Sie da.<\/p>\t\t\t\t\t\t<\/div>\n\t\t\t\t<\/div>\n\t\t\t\t<div class=\"elementor-element elementor-element-fef0753 phone__number elementor-widget elementor-widget-cms_banner_contact\" data-id=\"fef0753\" data-element_type=\"widget\" data-widget_type=\"cms_banner_contact.default\">\n\t\t\t\t<div class=\"elementor-widget-container\">\n\t\t\t    <div class=\"cms-banner-contact1\">\r\n        <div class=\"cms-banner-holder\">\r\n            <div class=\"cms-banner-desc\"><\/div>\r\n            <div class=\"cms-banner-phone\"><i class=\"zmdi zmdi-phone\"><\/i>+ 39 0521 272823<\/div>\r\n        <\/div>\r\n    <\/div>\t\t<\/div>\n\t\t\t\t<\/div>\n\t\t            <\/div>\n        <\/div>\n                <div class=\"elementor-column elementor-col-50 elementor-inner-column elementor-element elementor-element-4986adac\" data-id=\"4986adac\" data-element_type=\"column\">\n            <div class=\"elementor-widget-wrap elementor-element-populated\">\n                        \t\t<div class=\"elementor-element elementor-element-4d9970f9 elementor-widget elementor-widget-cms_ctf7\" data-id=\"4d9970f9\" data-element_type=\"widget\" data-widget_type=\"cms_ctf7.default\">\n\t\t\t\t<div class=\"elementor-widget-container\">\n\t\t\t    <div id=\"cms_ctf7-4d9970f9\" class=\"cms-contact-form-layout1 style1\">\r\n        <div class=\"cms-contact-form-inner\">\r\n        \t            <div role=\"form\" class=\"wpcf7\" id=\"wpcf7-f5747-o1\" lang=\"de-DE\" dir=\"ltr\">\n<div class=\"screen-reader-response\"><p role=\"status\" aria-live=\"polite\" aria-atomic=\"true\"><\/p> <ul><\/ul><\/div>\n<form action=\"\/de\/wp-json\/wp\/v2\/pages\/5881#wpcf7-f5747-o1\" method=\"post\" class=\"wpcf7-form init\" novalidate=\"novalidate\" data-status=\"init\">\n<div style=\"display: none;\">\n<input type=\"hidden\" name=\"_wpcf7\" value=\"5747\" \/>\n<input type=\"hidden\" name=\"_wpcf7_version\" value=\"5.4.2\" \/>\n<input type=\"hidden\" name=\"_wpcf7_locale\" value=\"de_DE\" \/>\n<input type=\"hidden\" name=\"_wpcf7_unit_tag\" value=\"wpcf7-f5747-o1\" \/>\n<input type=\"hidden\" name=\"_wpcf7_container_post\" value=\"0\" \/>\n<input type=\"hidden\" name=\"_wpcf7_posted_data_hash\" value=\"\" \/>\n<\/div>\n<div class=\"row\">\n    <div class=\"col-sm-12 col-md-6 col-lg-6\">\n        <div class=\"input-filled\"><span class=\"wpcf7-form-control-wrap nome\"><input type=\"text\" name=\"nome\" value=\"\" size=\"40\" class=\"wpcf7-form-control wpcf7-text wpcf7-validates-as-required\" aria-required=\"true\" aria-invalid=\"false\" placeholder=\"Vorname*\" \/><\/span><\/div>\n    <\/div>\n    <div class=\"col-sm-12 col-md-6 col-lg-6\">\n        <div class=\"input-filled\"><span class=\"wpcf7-form-control-wrap cognome\"><input type=\"text\" name=\"cognome\" value=\"\" size=\"40\" class=\"wpcf7-form-control wpcf7-text wpcf7-validates-as-required\" aria-required=\"true\" aria-invalid=\"false\" placeholder=\"Nachname*\" \/><\/span><\/div>\n    <\/div>\n<\/div>\n\n<div class=\"row\">\n    <div class=\"col-sm-12 col-md-6 col-lg-6\">\n        <div class=\"input-filled\"><span class=\"wpcf7-form-control-wrap telefono\"><input type=\"text\" name=\"telefono\" value=\"\" size=\"40\" class=\"wpcf7-form-control wpcf7-text wpcf7-validates-as-required\" aria-required=\"true\" aria-invalid=\"false\" placeholder=\"Telefon\" \/><\/span><\/div>\n    <\/div>\n    <div class=\"col-sm-12 col-md-6 col-lg-6\">\n        <div class=\"input-filled\"><span class=\"wpcf7-form-control-wrap e-mail\"><input type=\"email\" name=\"e-mail\" value=\"\" size=\"40\" class=\"wpcf7-form-control wpcf7-text wpcf7-email wpcf7-validates-as-required wpcf7-validates-as-email\" aria-required=\"true\" aria-invalid=\"false\" placeholder=\"Email*\" \/><\/span><\/div>\n    <\/div>\n<\/div>\n\n<div class=\"row\">\n    <div class=\"col-12\">\n        <div class=\"input-filled\"><span class=\"wpcf7-form-control-wrap messaggio\"><textarea name=\"messaggio\" cols=\"40\" rows=\"10\" class=\"wpcf7-form-control wpcf7-textarea wpcf7-validates-as-required\" aria-required=\"true\" aria-invalid=\"false\" placeholder=\"Geben Sie hier Ihre Nachricht ein\"><\/textarea><\/span><\/div>\n    <\/div>\n<\/div>\n\n<div class=\"row\">\n    <div class=\"col-12 flex-1025 form__acceptance\" style=\"margin-top: -20px;\">\n<span class=\"wpcf7-form-control-wrap acceptance-52\"><span class=\"wpcf7-form-control wpcf7-acceptance\"><span class=\"wpcf7-list-item\"><label><input type=\"checkbox\" name=\"acceptance-52\" value=\"1\" aria-invalid=\"false\" \/><span class=\"wpcf7-list-item-label\">Ich akzeptiere die Verarbeitung personenbezogener Daten gem\u00e4\u00df der Datenschutzrichtlinie\u00a0<a href=\"https:\/\/www.iubenda.com\/privacy-policy\/24868672\" target=\"_BLANK\">privacy policy<\/a><\/span><\/span><\/label><\/span><\/span><\/span>\n      <button type=\"submit\" class=\"wpcf7-submit btn btn-big btn-secondary\">Senden<i class=\"far fac-arrow-right space-left\"><\/i><\/button>\n\n    <\/div>\n<\/div><div class=\"wpcf7-response-output\" aria-hidden=\"true\"><\/div><\/form><\/div>        <\/div>\r\n    <\/div>\r\n\t\t<\/div>\n\t\t\t\t<\/div>\n\t\t\t\t<div class=\"elementor-element elementor-element-2c94887e elementor-widget elementor-widget-text-editor\" data-id=\"2c94887e\" data-element_type=\"widget\" data-widget_type=\"text-editor.default\">\n\t\t\t\t<div class=\"elementor-widget-container\">\n\t\t\t\t\t\t\t<p class=\"p1\"><b>M\u00f6chten Sie weitere Informationen anfordern?<\/b>\nF\u00fcllen Sie das Formular vollst\u00e4ndig aus, um weitere Informationen \u00fcber unsere Produkte, unsere Dienstleistungen und unser Unternehmen zu erhalten. Wir werden uns mit Ihnen in Verbindung setzen.\n\nVerbindung setzen! <\/p>\t\t\t\t\t\t<\/div>\n\t\t\t\t<\/div>\n\t\t            <\/div>\n        <\/div>\n                            <\/div>\n        <\/section>\n        \t\t\t\t<\/div>\n\t\t\t\t\t<\/div>\n\t\t","protected":false},"excerpt":{"rendered":"<p>Andere Sektoren Mechanisches Pr\u00e4zisionsdrehen f\u00fcr alle Branchen Was wir bieten? Dank der Flexibilit\u00e4t unserer Produktion, des uns zur Verf\u00fcgung stehenden Maschinenparks und unserer Professionalit\u00e4t sind wir ohne Einschr\u00e4nkungen in der Lage, mechanische Kleinteile f\u00fcr jeden Bereich und jeden Verwendungszweck herzustellen. Unser Produktkatalog und die Herstellung von Sonderanfertigungen erm\u00f6glichen es uns, auf jede Anforderung einzugehen. Unser [&hellip;]<\/p>\n","protected":false},"author":1,"featured_media":0,"parent":0,"menu_order":0,"comment_status":"closed","ping_status":"closed","template":"","meta":{"footnotes":""},"class_list":["post-5881","page","type-page","status-publish","hentry"],"yoast_head":"<!-- This site is optimized with the Yoast SEO plugin v17.3 - https:\/\/yoast.com\/wordpress\/plugins\/seo\/ -->\n<title>Pr\u00e4zisionsmechanik f\u00fcr alle Branchen | RP Santini<\/title>\n<meta name=\"description\" content=\"RP Santini, mechanische Pr\u00e4zisionsdreherei f\u00fcr die Herstellung von Pr\u00e4zisionskleinteilen f\u00fcr jeden Bereich. Erfahren Sie mehr...\" \/>\n<meta name=\"robots\" content=\"index, follow, max-snippet:-1, max-image-preview:large, max-video-preview:-1\" \/>\n<link rel=\"canonical\" href=\"https:\/\/rpsantini.com\/de\/andere-branchen\/\" \/>\n<meta property=\"og:locale\" content=\"de_DE\" \/>\n<meta property=\"og:type\" content=\"article\" \/>\n<meta property=\"og:title\" content=\"Pr\u00e4zisionsmechanik f\u00fcr alle Branchen | RP Santini\" \/>\n<meta property=\"og:description\" content=\"RP Santini, mechanische Pr\u00e4zisionsdreherei f\u00fcr die Herstellung von Pr\u00e4zisionskleinteilen f\u00fcr jeden Bereich. Erfahren Sie mehr...\" \/>\n<meta property=\"og:url\" content=\"https:\/\/rpsantini.com\/de\/andere-branchen\/\" \/>\n<meta property=\"og:site_name\" content=\"RP Santini\" \/>\n<meta property=\"article:modified_time\" content=\"2023-03-09T09:20:30+00:00\" \/>\n<meta property=\"og:image\" content=\"https:\/\/rpsantini.com\/wp-content\/uploads\/2021\/10\/ALTRI-SETTORI_1.jpg\" \/>\n<meta name=\"twitter:card\" content=\"summary_large_image\" \/>\n<script type=\"application\/ld+json\" class=\"yoast-schema-graph\">{\"@context\":\"https:\/\/schema.org\",\"@graph\":[{\"@type\":\"WebSite\",\"@id\":\"https:\/\/rpsantini.com\/#website\",\"url\":\"https:\/\/rpsantini.com\/\",\"name\":\"RP Santini\",\"description\":\"\",\"potentialAction\":[{\"@type\":\"SearchAction\",\"target\":{\"@type\":\"EntryPoint\",\"urlTemplate\":\"https:\/\/rpsantini.com\/?s={search_term_string}\"},\"query-input\":\"required name=search_term_string\"}],\"inLanguage\":\"de\"},{\"@type\":\"ImageObject\",\"@id\":\"https:\/\/rpsantini.com\/de\/andere-branchen\/#primaryimage\",\"inLanguage\":\"de\",\"url\":\"https:\/\/rpsantini.com\/wp-content\/uploads\/2021\/10\/ALTRI-SETTORI_1.jpg\",\"contentUrl\":\"https:\/\/rpsantini.com\/wp-content\/uploads\/2021\/10\/ALTRI-SETTORI_1.jpg\",\"width\":600,\"height\":600},{\"@type\":\"WebPage\",\"@id\":\"https:\/\/rpsantini.com\/de\/andere-branchen\/#webpage\",\"url\":\"https:\/\/rpsantini.com\/de\/andere-branchen\/\",\"name\":\"Pr\\u00e4zisionsmechanik f\\u00fcr alle Branchen | RP Santini\",\"isPartOf\":{\"@id\":\"https:\/\/rpsantini.com\/#website\"},\"primaryImageOfPage\":{\"@id\":\"https:\/\/rpsantini.com\/de\/andere-branchen\/#primaryimage\"},\"datePublished\":\"2021-10-01T12:34:39+00:00\",\"dateModified\":\"2023-03-09T09:20:30+00:00\",\"description\":\"RP Santini, mechanische Pr\\u00e4zisionsdreherei f\\u00fcr die Herstellung von Pr\\u00e4zisionskleinteilen f\\u00fcr jeden Bereich. Erfahren Sie mehr...\",\"breadcrumb\":{\"@id\":\"https:\/\/rpsantini.com\/de\/andere-branchen\/#breadcrumb\"},\"inLanguage\":\"de\",\"potentialAction\":[{\"@type\":\"ReadAction\",\"target\":[\"https:\/\/rpsantini.com\/de\/andere-branchen\/\"]}]},{\"@type\":\"BreadcrumbList\",\"@id\":\"https:\/\/rpsantini.com\/de\/andere-branchen\/#breadcrumb\",\"itemListElement\":[{\"@type\":\"ListItem\",\"position\":1,\"name\":\"Home\",\"item\":\"https:\/\/rpsantini.com\/de\/\"},{\"@type\":\"ListItem\",\"position\":2,\"name\":\"Andere Branchen\"}]}]}<\/script>\n<!-- \/ Yoast SEO plugin. -->","yoast_head_json":{"title":"Pr\u00e4zisionsmechanik f\u00fcr alle Branchen | RP Santini","description":"RP Santini, mechanische Pr\u00e4zisionsdreherei f\u00fcr die Herstellung von Pr\u00e4zisionskleinteilen f\u00fcr jeden Bereich. Erfahren Sie mehr...","robots":{"index":"index","follow":"follow","max-snippet":"max-snippet:-1","max-image-preview":"max-image-preview:large","max-video-preview":"max-video-preview:-1"},"canonical":"https:\/\/rpsantini.com\/de\/andere-branchen\/","og_locale":"de_DE","og_type":"article","og_title":"Pr\u00e4zisionsmechanik f\u00fcr alle Branchen | RP Santini","og_description":"RP Santini, mechanische Pr\u00e4zisionsdreherei f\u00fcr die Herstellung von Pr\u00e4zisionskleinteilen f\u00fcr jeden Bereich. Erfahren Sie mehr...","og_url":"https:\/\/rpsantini.com\/de\/andere-branchen\/","og_site_name":"RP Santini","article_modified_time":"2023-03-09T09:20:30+00:00","og_image":[{"url":"https:\/\/rpsantini.com\/wp-content\/uploads\/2021\/10\/ALTRI-SETTORI_1.jpg"}],"twitter_card":"summary_large_image","schema":{"@context":"https:\/\/schema.org","@graph":[{"@type":"WebSite","@id":"https:\/\/rpsantini.com\/#website","url":"https:\/\/rpsantini.com\/","name":"RP Santini","description":"","potentialAction":[{"@type":"SearchAction","target":{"@type":"EntryPoint","urlTemplate":"https:\/\/rpsantini.com\/?s={search_term_string}"},"query-input":"required name=search_term_string"}],"inLanguage":"de"},{"@type":"ImageObject","@id":"https:\/\/rpsantini.com\/de\/andere-branchen\/#primaryimage","inLanguage":"de","url":"https:\/\/rpsantini.com\/wp-content\/uploads\/2021\/10\/ALTRI-SETTORI_1.jpg","contentUrl":"https:\/\/rpsantini.com\/wp-content\/uploads\/2021\/10\/ALTRI-SETTORI_1.jpg","width":600,"height":600},{"@type":"WebPage","@id":"https:\/\/rpsantini.com\/de\/andere-branchen\/#webpage","url":"https:\/\/rpsantini.com\/de\/andere-branchen\/","name":"Pr\u00e4zisionsmechanik f\u00fcr alle Branchen | RP Santini","isPartOf":{"@id":"https:\/\/rpsantini.com\/#website"},"primaryImageOfPage":{"@id":"https:\/\/rpsantini.com\/de\/andere-branchen\/#primaryimage"},"datePublished":"2021-10-01T12:34:39+00:00","dateModified":"2023-03-09T09:20:30+00:00","description":"RP Santini, mechanische Pr\u00e4zisionsdreherei f\u00fcr die Herstellung von Pr\u00e4zisionskleinteilen f\u00fcr jeden Bereich. Erfahren Sie mehr...","breadcrumb":{"@id":"https:\/\/rpsantini.com\/de\/andere-branchen\/#breadcrumb"},"inLanguage":"de","potentialAction":[{"@type":"ReadAction","target":["https:\/\/rpsantini.com\/de\/andere-branchen\/"]}]},{"@type":"BreadcrumbList","@id":"https:\/\/rpsantini.com\/de\/andere-branchen\/#breadcrumb","itemListElement":[{"@type":"ListItem","position":1,"name":"Home","item":"https:\/\/rpsantini.com\/de\/"},{"@type":"ListItem","position":2,"name":"Andere Branchen"}]}]}},"_links":{"self":[{"href":"https:\/\/rpsantini.com\/de\/wp-json\/wp\/v2\/pages\/5881","targetHints":{"allow":["GET"]}}],"collection":[{"href":"https:\/\/rpsantini.com\/de\/wp-json\/wp\/v2\/pages"}],"about":[{"href":"https:\/\/rpsantini.com\/de\/wp-json\/wp\/v2\/types\/page"}],"author":[{"embeddable":true,"href":"https:\/\/rpsantini.com\/de\/wp-json\/wp\/v2\/users\/1"}],"replies":[{"embeddable":true,"href":"https:\/\/rpsantini.com\/de\/wp-json\/wp\/v2\/comments?post=5881"}],"version-history":[{"count":10,"href":"https:\/\/rpsantini.com\/de\/wp-json\/wp\/v2\/pages\/5881\/revisions"}],"predecessor-version":[{"id":6274,"href":"https:\/\/rpsantini.com\/de\/wp-json\/wp\/v2\/pages\/5881\/revisions\/6274"}],"wp:attachment":[{"href":"https:\/\/rpsantini.com\/de\/wp-json\/wp\/v2\/media?parent=5881"}],"curies":[{"name":"wp","href":"https:\/\/api.w.org\/{rel}","templated":true}]}}