{"id":5869,"date":"2021-10-01T14:28:54","date_gmt":"2021-10-01T12:28:54","guid":{"rendered":"https:\/\/rpsantini.com\/tecnoalimentare\/"},"modified":"2023-03-09T10:21:07","modified_gmt":"2023-03-09T09:21:07","slug":"lebensmitteltechnologie","status":"publish","type":"page","link":"https:\/\/rpsantini.com\/de\/lebensmitteltechnologie\/","title":{"rendered":"Lebensmitteltechnologie"},"content":{"rendered":"\t\t<div data-elementor-type=\"wp-page\" data-elementor-id=\"5869\" class=\"elementor elementor-5869\" data-elementor-settings=\"[]\">\n\t\t\t\t\t\t\t<div class=\"elementor-section-wrap\">\n\t\t\t\t\t        <section class=\"elementor-section elementor-top-section elementor-element elementor-element-4120ebba elementor-section-stretched elementor-section-boxed elementor-section-height-default elementor-section-height-default\" data-id=\"4120ebba\" data-element_type=\"section\" data-settings=\"{&quot;stretch_section&quot;:&quot;section-stretched&quot;,&quot;background_background&quot;:&quot;classic&quot;}\">\n                            <div class=\"elementor-background-overlay\"><\/div>\n                \n                        <div class=\"elementor-container elementor-column-gap-default \">\n                    <div class=\"elementor-column elementor-col-100 elementor-top-column elementor-element elementor-element-5298d16e\" data-id=\"5298d16e\" data-element_type=\"column\">\n            <div class=\"elementor-widget-wrap elementor-element-populated\">\n                        \t\t<div class=\"elementor-element elementor-element-7739bcca elementor-widget elementor-widget-cms_heading\" data-id=\"7739bcca\" data-element_type=\"widget\" data-widget_type=\"cms_heading.default\">\n\t\t\t\t<div class=\"elementor-widget-container\">\n\t\t\t<div class=\"cms-heading-wrapper cms-heading-layout1\">\r\n    \r\n            <h2 class=\"custom-heading\">\r\n            <span >Branche<br \/>Lebensmitteltechnologie<\/span>\r\n        <\/h2>\r\n        \r\n    <\/div>\t\t<\/div>\n\t\t\t\t<\/div>\n\t\t            <\/div>\n        <\/div>\n                            <\/div>\n        <\/section>\n                <section class=\"elementor-section elementor-top-section elementor-element elementor-element-64a75e43 elementor-section-boxed elementor-section-height-default elementor-section-height-default\" data-id=\"64a75e43\" data-element_type=\"section\">\n            \n                        <div class=\"elementor-container elementor-column-gap-extended \">\n                    <div class=\"elementor-column elementor-col-100 elementor-top-column elementor-element elementor-element-2e9bec9e e-sidebar-widget\" data-id=\"2e9bec9e\" data-element_type=\"column\">\n            <div class=\"elementor-widget-wrap elementor-element-populated\">\n                        \t\t<div class=\"elementor-element elementor-element-15ffa9b8 elementor-widget elementor-widget-cms_heading\" data-id=\"15ffa9b8\" data-element_type=\"widget\" data-widget_type=\"cms_heading.default\">\n\t\t\t\t<div class=\"elementor-widget-container\">\n\t\t\t<div class=\"cms-heading-wrapper cms-heading-layout1\">\r\n    \r\n            <h1 class=\"custom-heading\">\r\n            <span >Mechanisches Pr\u00e4zisionsdrehen f\u00fcr Maschinen der Lebensmittelindustrie<\/span>\r\n        <\/h1>\r\n        \r\n    <\/div>\t\t<\/div>\n\t\t\t\t<\/div>\n\t\t\t\t<div class=\"elementor-element elementor-element-57c5f80f elementor-widget elementor-widget-image-gallery\" data-id=\"57c5f80f\" data-element_type=\"widget\" data-widget_type=\"image-gallery.default\">\n\t\t\t\t<div class=\"elementor-widget-container\">\n\t\t\t\t\t<div class=\"elementor-image-gallery\">\n\t\t\t<div id='gallery-1' class='gallery galleryid-5869 gallery-columns-2 gallery-size-full'><figure class='gallery-item'>\n\t\t\t<div class='gallery-icon landscape'>\n\t\t\t\t<a data-elementor-open-lightbox=\"yes\" data-elementor-lightbox-slideshow=\"57c5f80f\" data-elementor-lightbox-title=\"TECNOALIMENTARE_1\" href='https:\/\/rpsantini.com\/wp-content\/uploads\/2021\/10\/TECNOALIMENTARE_1.jpg'><img loading=\"lazy\" decoding=\"async\" width=\"600\" height=\"600\" src=\"https:\/\/rpsantini.com\/wp-content\/uploads\/2021\/10\/TECNOALIMENTARE_1.jpg\" class=\"attachment-full size-full\" alt=\"\" srcset=\"https:\/\/rpsantini.com\/wp-content\/uploads\/2021\/10\/TECNOALIMENTARE_1.jpg 600w, https:\/\/rpsantini.com\/wp-content\/uploads\/2021\/10\/TECNOALIMENTARE_1-300x300.jpg 300w, https:\/\/rpsantini.com\/wp-content\/uploads\/2021\/10\/TECNOALIMENTARE_1-150x150.jpg 150w\" sizes=\"auto, (max-width: 600px) 100vw, 600px\" \/><\/a>\n\t\t\t<\/div><\/figure><figure class='gallery-item'>\n\t\t\t<div class='gallery-icon landscape'>\n\t\t\t\t<a data-elementor-open-lightbox=\"yes\" data-elementor-lightbox-slideshow=\"57c5f80f\" data-elementor-lightbox-title=\"TECNOALIMENTARE_2\" href='https:\/\/rpsantini.com\/wp-content\/uploads\/2021\/10\/TECNOALIMENTARE_2.jpg'><img loading=\"lazy\" decoding=\"async\" width=\"600\" height=\"600\" src=\"https:\/\/rpsantini.com\/wp-content\/uploads\/2021\/10\/TECNOALIMENTARE_2.jpg\" class=\"attachment-full size-full\" alt=\"\" srcset=\"https:\/\/rpsantini.com\/wp-content\/uploads\/2021\/10\/TECNOALIMENTARE_2.jpg 600w, https:\/\/rpsantini.com\/wp-content\/uploads\/2021\/10\/TECNOALIMENTARE_2-300x300.jpg 300w, https:\/\/rpsantini.com\/wp-content\/uploads\/2021\/10\/TECNOALIMENTARE_2-150x150.jpg 150w\" sizes=\"auto, (max-width: 600px) 100vw, 600px\" \/><\/a>\n\t\t\t<\/div><\/figure><figure class='gallery-item'>\n\t\t\t<div class='gallery-icon landscape'>\n\t\t\t\t<a data-elementor-open-lightbox=\"yes\" data-elementor-lightbox-slideshow=\"57c5f80f\" data-elementor-lightbox-title=\"TECNOALIMENTARE_3\" href='https:\/\/rpsantini.com\/wp-content\/uploads\/2021\/10\/TECNOALIMENTARE_3.jpg'><img loading=\"lazy\" decoding=\"async\" width=\"600\" height=\"600\" src=\"https:\/\/rpsantini.com\/wp-content\/uploads\/2021\/10\/TECNOALIMENTARE_3.jpg\" class=\"attachment-full size-full\" alt=\"\" srcset=\"https:\/\/rpsantini.com\/wp-content\/uploads\/2021\/10\/TECNOALIMENTARE_3.jpg 600w, https:\/\/rpsantini.com\/wp-content\/uploads\/2021\/10\/TECNOALIMENTARE_3-300x300.jpg 300w, https:\/\/rpsantini.com\/wp-content\/uploads\/2021\/10\/TECNOALIMENTARE_3-150x150.jpg 150w\" sizes=\"auto, (max-width: 600px) 100vw, 600px\" \/><\/a>\n\t\t\t<\/div><\/figure>\n\t\t<\/div>\n\t\t<\/div>\n\t\t\t\t<\/div>\n\t\t\t\t<\/div>\n\t\t\t\t<div class=\"elementor-element elementor-element-7262b2c6 elementor-widget elementor-widget-spacer\" data-id=\"7262b2c6\" data-element_type=\"widget\" data-widget_type=\"spacer.default\">\n\t\t\t\t<div class=\"elementor-widget-container\">\n\t\t\t\t\t<div class=\"elementor-spacer\">\n\t\t\t<div class=\"elementor-spacer-inner\"><\/div>\n\t\t<\/div>\n\t\t\t\t<\/div>\n\t\t\t\t<\/div>\n\t\t\t\t<div class=\"elementor-element elementor-element-29019193 elementor-widget elementor-widget-cms_heading\" data-id=\"29019193\" data-element_type=\"widget\" data-widget_type=\"cms_heading.default\">\n\t\t\t\t<div class=\"elementor-widget-container\">\n\t\t\t<div class=\"cms-heading-wrapper cms-heading-layout1\">\r\n    \r\n            <h2 class=\"custom-heading\">\r\n            <span >Was bieten wir?<\/span>\r\n        <\/h2>\r\n        \r\n    <\/div>\t\t<\/div>\n\t\t\t\t<\/div>\n\t\t\t\t<div class=\"elementor-element elementor-element-28b8e8f7 elementor-widget elementor-widget-text-editor\" data-id=\"28b8e8f7\" data-element_type=\"widget\" data-widget_type=\"text-editor.default\">\n\t\t\t\t<div class=\"elementor-widget-container\">\n\t\t\t\t\t\t\t<p class=\"p1\">Die uns zur Verf\u00fcgung stehenden Maschinen und die Professionalit\u00e4t unserer Mitarbeiter erm\u00f6glichen uns die Zusammenarbeit mit der lebensmitteltechnischen Industrie f\u00fcr jeden Bedarf. Wir sind in der Lage, <a href=\"\/de\/produktion\/\"><span class=\"s1\">unsere Kunden <\/span><\/a>in jeder Phase der Produktentwicklung <span class=\"s1\">zu unterst\u00fctzen<\/span>, um <b>die Aktivit\u00e4ten des Sektors zu verbessern und zu optimieren.<\/b><\/p>\t\t\t\t\t\t<\/div>\n\t\t\t\t<\/div>\n\t\t\t\t<div class=\"elementor-element elementor-element-5bbadba5 elementor-widget elementor-widget-spacer\" data-id=\"5bbadba5\" data-element_type=\"widget\" data-widget_type=\"spacer.default\">\n\t\t\t\t<div class=\"elementor-widget-container\">\n\t\t\t\t\t<div class=\"elementor-spacer\">\n\t\t\t<div class=\"elementor-spacer-inner\"><\/div>\n\t\t<\/div>\n\t\t\t\t<\/div>\n\t\t\t\t<\/div>\n\t\t\t\t<div class=\"elementor-element elementor-element-10e6a3f4 elementor-widget elementor-widget-spacer\" data-id=\"10e6a3f4\" data-element_type=\"widget\" data-widget_type=\"spacer.default\">\n\t\t\t\t<div class=\"elementor-widget-container\">\n\t\t\t\t\t<div class=\"elementor-spacer\">\n\t\t\t<div class=\"elementor-spacer-inner\"><\/div>\n\t\t<\/div>\n\t\t\t\t<\/div>\n\t\t\t\t<\/div>\n\t\t\t\t<div class=\"elementor-element elementor-element-48242fb3 elementor-widget elementor-widget-spacer\" data-id=\"48242fb3\" data-element_type=\"widget\" data-widget_type=\"spacer.default\">\n\t\t\t\t<div class=\"elementor-widget-container\">\n\t\t\t\t\t<div class=\"elementor-spacer\">\n\t\t\t<div class=\"elementor-spacer-inner\"><\/div>\n\t\t<\/div>\n\t\t\t\t<\/div>\n\t\t\t\t<\/div>\n\t\t\t\t<div class=\"elementor-element elementor-element-25c30927 elementor-widget elementor-widget-spacer\" data-id=\"25c30927\" data-element_type=\"widget\" data-widget_type=\"spacer.default\">\n\t\t\t\t<div class=\"elementor-widget-container\">\n\t\t\t\t\t<div class=\"elementor-spacer\">\n\t\t\t<div class=\"elementor-spacer-inner\"><\/div>\n\t\t<\/div>\n\t\t\t\t<\/div>\n\t\t\t\t<\/div>\n\t\t\t\t<div class=\"elementor-element elementor-element-32f33dc0 elementor-widget elementor-widget-spacer\" data-id=\"32f33dc0\" data-element_type=\"widget\" data-widget_type=\"spacer.default\">\n\t\t\t\t<div class=\"elementor-widget-container\">\n\t\t\t\t\t<div class=\"elementor-spacer\">\n\t\t\t<div class=\"elementor-spacer-inner\"><\/div>\n\t\t<\/div>\n\t\t\t\t<\/div>\n\t\t\t\t<\/div>\n\t\t            <\/div>\n        <\/div>\n                            <\/div>\n        <\/section>\n                <section class=\"elementor-section elementor-inner-section elementor-element elementor-element-7df0298c elementor-section-boxed elementor-section-height-default elementor-section-height-default\" data-id=\"7df0298c\" data-element_type=\"section\" data-settings=\"{&quot;background_background&quot;:&quot;classic&quot;}\">\n            \n                        <div class=\"elementor-container elementor-column-gap-default \">\n                    <div class=\"elementor-column elementor-col-50 elementor-inner-column elementor-element elementor-element-4a741d55\" data-id=\"4a741d55\" data-element_type=\"column\" data-settings=\"{&quot;background_background&quot;:&quot;classic&quot;}\">\n            <div class=\"elementor-widget-wrap elementor-element-populated\">\n                        \t\t<div class=\"elementor-element elementor-element-3fc40f18 elementor-widget elementor-widget-text-editor\" data-id=\"3fc40f18\" data-element_type=\"widget\" data-widget_type=\"text-editor.default\">\n\t\t\t\t<div class=\"elementor-widget-container\">\n\t\t\t\t\t\t\t<h6 style=\"color: #fff; margin-bottom: 11px;\">Unser Firmensitz<\/h6>\nVia M. Fantelli, 6\/A\n43122 Parma \u2013 Italien\t\t\t\t\t\t<\/div>\n\t\t\t\t<\/div>\n\t\t\t\t<div class=\"elementor-element elementor-element-5476f304 elementor-widget elementor-widget-text-editor\" data-id=\"5476f304\" data-element_type=\"widget\" data-widget_type=\"text-editor.default\">\n\t\t\t\t<div class=\"elementor-widget-container\">\n\t\t\t\t\t\t\t<h6 style=\"color: #fff; margin-bottom: 11px;\">Kontakt<\/h6>\nE-mail: vendite@rpsantini.com\t\t\t\t\t\t<\/div>\n\t\t\t\t<\/div>\n\t\t\t\t<div class=\"elementor-element elementor-element-71d8e6db elementor-widget elementor-widget-text-editor\" data-id=\"71d8e6db\" data-element_type=\"widget\" data-widget_type=\"text-editor.default\">\n\t\t\t\t<div class=\"elementor-widget-container\">\n\t\t\t\t\t\t\t<p style=\"color: #ffffff;\"> Wir sind von Montag bis Freitag<br\/> von 9 bis 12 Uhr und von 14 bis<br\/>17 Uhr f\u00fcr Sie da.<\/p>\t\t\t\t\t\t<\/div>\n\t\t\t\t<\/div>\n\t\t\t\t<div class=\"elementor-element elementor-element-13005da4 phone__number elementor-widget elementor-widget-cms_banner_contact\" data-id=\"13005da4\" data-element_type=\"widget\" data-widget_type=\"cms_banner_contact.default\">\n\t\t\t\t<div class=\"elementor-widget-container\">\n\t\t\t    <div class=\"cms-banner-contact1\">\r\n        <div class=\"cms-banner-holder\">\r\n            <div class=\"cms-banner-desc\"><\/div>\r\n            <div class=\"cms-banner-phone\"><i class=\"zmdi zmdi-phone\"><\/i>+ 39 0521 272823<\/div>\r\n        <\/div>\r\n    <\/div>\t\t<\/div>\n\t\t\t\t<\/div>\n\t\t            <\/div>\n        <\/div>\n                <div class=\"elementor-column elementor-col-50 elementor-inner-column elementor-element elementor-element-5f207de3\" data-id=\"5f207de3\" data-element_type=\"column\">\n            <div class=\"elementor-widget-wrap elementor-element-populated\">\n                        \t\t<div class=\"elementor-element elementor-element-71345f3b elementor-widget elementor-widget-cms_ctf7\" data-id=\"71345f3b\" data-element_type=\"widget\" data-widget_type=\"cms_ctf7.default\">\n\t\t\t\t<div class=\"elementor-widget-container\">\n\t\t\t    <div id=\"cms_ctf7-71345f3b\" class=\"cms-contact-form-layout1 style1\">\r\n        <div class=\"cms-contact-form-inner\">\r\n        \t            <div role=\"form\" class=\"wpcf7\" id=\"wpcf7-f5747-o1\" lang=\"de-DE\" dir=\"ltr\">\n<div class=\"screen-reader-response\"><p role=\"status\" aria-live=\"polite\" aria-atomic=\"true\"><\/p> <ul><\/ul><\/div>\n<form action=\"\/de\/wp-json\/wp\/v2\/pages\/5869#wpcf7-f5747-o1\" method=\"post\" class=\"wpcf7-form init\" novalidate=\"novalidate\" data-status=\"init\">\n<div style=\"display: none;\">\n<input type=\"hidden\" name=\"_wpcf7\" value=\"5747\" \/>\n<input type=\"hidden\" name=\"_wpcf7_version\" value=\"5.4.2\" \/>\n<input type=\"hidden\" name=\"_wpcf7_locale\" value=\"de_DE\" \/>\n<input type=\"hidden\" name=\"_wpcf7_unit_tag\" value=\"wpcf7-f5747-o1\" \/>\n<input type=\"hidden\" name=\"_wpcf7_container_post\" value=\"0\" \/>\n<input type=\"hidden\" name=\"_wpcf7_posted_data_hash\" value=\"\" \/>\n<\/div>\n<div class=\"row\">\n    <div class=\"col-sm-12 col-md-6 col-lg-6\">\n        <div class=\"input-filled\"><span class=\"wpcf7-form-control-wrap nome\"><input type=\"text\" name=\"nome\" value=\"\" size=\"40\" class=\"wpcf7-form-control wpcf7-text wpcf7-validates-as-required\" aria-required=\"true\" aria-invalid=\"false\" placeholder=\"Vorname*\" \/><\/span><\/div>\n    <\/div>\n    <div class=\"col-sm-12 col-md-6 col-lg-6\">\n        <div class=\"input-filled\"><span class=\"wpcf7-form-control-wrap cognome\"><input type=\"text\" name=\"cognome\" value=\"\" size=\"40\" class=\"wpcf7-form-control wpcf7-text wpcf7-validates-as-required\" aria-required=\"true\" aria-invalid=\"false\" placeholder=\"Nachname*\" \/><\/span><\/div>\n    <\/div>\n<\/div>\n\n<div class=\"row\">\n    <div class=\"col-sm-12 col-md-6 col-lg-6\">\n        <div class=\"input-filled\"><span class=\"wpcf7-form-control-wrap telefono\"><input type=\"text\" name=\"telefono\" value=\"\" size=\"40\" class=\"wpcf7-form-control wpcf7-text wpcf7-validates-as-required\" aria-required=\"true\" aria-invalid=\"false\" placeholder=\"Telefon\" \/><\/span><\/div>\n    <\/div>\n    <div class=\"col-sm-12 col-md-6 col-lg-6\">\n        <div class=\"input-filled\"><span class=\"wpcf7-form-control-wrap e-mail\"><input type=\"email\" name=\"e-mail\" value=\"\" size=\"40\" class=\"wpcf7-form-control wpcf7-text wpcf7-email wpcf7-validates-as-required wpcf7-validates-as-email\" aria-required=\"true\" aria-invalid=\"false\" placeholder=\"Email*\" \/><\/span><\/div>\n    <\/div>\n<\/div>\n\n<div class=\"row\">\n    <div class=\"col-12\">\n        <div class=\"input-filled\"><span class=\"wpcf7-form-control-wrap messaggio\"><textarea name=\"messaggio\" cols=\"40\" rows=\"10\" class=\"wpcf7-form-control wpcf7-textarea wpcf7-validates-as-required\" aria-required=\"true\" aria-invalid=\"false\" placeholder=\"Geben Sie hier Ihre Nachricht ein\"><\/textarea><\/span><\/div>\n    <\/div>\n<\/div>\n\n<div class=\"row\">\n    <div class=\"col-12 flex-1025 form__acceptance\" style=\"margin-top: -20px;\">\n<span class=\"wpcf7-form-control-wrap acceptance-52\"><span class=\"wpcf7-form-control wpcf7-acceptance\"><span class=\"wpcf7-list-item\"><label><input type=\"checkbox\" name=\"acceptance-52\" value=\"1\" aria-invalid=\"false\" \/><span class=\"wpcf7-list-item-label\">Ich akzeptiere die Verarbeitung personenbezogener Daten gem\u00e4\u00df der Datenschutzrichtlinie\u00a0<a href=\"https:\/\/www.iubenda.com\/privacy-policy\/24868672\" target=\"_BLANK\">privacy policy<\/a><\/span><\/span><\/label><\/span><\/span><\/span>\n      <button type=\"submit\" class=\"wpcf7-submit btn btn-big btn-secondary\">Senden<i class=\"far fac-arrow-right space-left\"><\/i><\/button>\n\n    <\/div>\n<\/div><div class=\"wpcf7-response-output\" aria-hidden=\"true\"><\/div><\/form><\/div>        <\/div>\r\n    <\/div>\r\n\t\t<\/div>\n\t\t\t\t<\/div>\n\t\t\t\t<div class=\"elementor-element elementor-element-1235fd3e elementor-widget elementor-widget-text-editor\" data-id=\"1235fd3e\" data-element_type=\"widget\" data-widget_type=\"text-editor.default\">\n\t\t\t\t<div class=\"elementor-widget-container\">\n\t\t\t\t\t\t\t<p class=\"p1\"><b>M\u00f6chten Sie weitere Informationen anfordern?<\/b>\nF\u00fcllen Sie das Formular vollst\u00e4ndig aus, um weitere Informationen \u00fcber unsere Produkte, unsere Dienstleistungen und unser Unternehmen zu erhalten. Wir werden uns mit Ihnen in Verbindung setzen.\n\nVerbindung setzen! <\/p>\t\t\t\t\t\t<\/div>\n\t\t\t\t<\/div>\n\t\t            <\/div>\n        <\/div>\n                            <\/div>\n        <\/section>\n        \t\t\t\t<\/div>\n\t\t\t\t\t<\/div>\n\t\t","protected":false},"excerpt":{"rendered":"<p>BrancheLebensmitteltechnologie Mechanisches Pr\u00e4zisionsdrehen f\u00fcr Maschinen der Lebensmittelindustrie Was bieten wir? Die uns zur Verf\u00fcgung stehenden Maschinen und die Professionalit\u00e4t unserer Mitarbeiter erm\u00f6glichen uns die Zusammenarbeit mit der lebensmitteltechnischen Industrie f\u00fcr jeden Bedarf. Wir sind in der Lage, unsere Kunden in jeder Phase der Produktentwicklung zu unterst\u00fctzen, um die Aktivit\u00e4ten des Sektors zu verbessern und zu [&hellip;]<\/p>\n","protected":false},"author":1,"featured_media":0,"parent":0,"menu_order":0,"comment_status":"closed","ping_status":"closed","template":"","meta":{"footnotes":""},"class_list":["post-5869","page","type-page","status-publish","hentry"],"yoast_head":"<!-- This site is optimized with the Yoast SEO plugin v17.3 - https:\/\/yoast.com\/wordpress\/plugins\/seo\/ -->\n<title>Pr\u00e4zisionsdreherei f\u00fcr Maschinen der Lebensmittelindustrie | RP Santini<\/title>\n<meta name=\"description\" content=\"RP Santini, mechanische Pr\u00e4zisionsdreherei f\u00fcr die Herstellung kleiner mechanischer Teile f\u00fcr Equipment der Lebensmittelindustrie.\" \/>\n<meta name=\"robots\" content=\"index, follow, max-snippet:-1, max-image-preview:large, max-video-preview:-1\" \/>\n<link rel=\"canonical\" href=\"https:\/\/rpsantini.com\/de\/lebensmitteltechnologie\/\" \/>\n<meta property=\"og:locale\" content=\"de_DE\" \/>\n<meta property=\"og:type\" content=\"article\" \/>\n<meta property=\"og:title\" content=\"Pr\u00e4zisionsdreherei f\u00fcr Maschinen der Lebensmittelindustrie | RP Santini\" \/>\n<meta property=\"og:description\" content=\"RP Santini, mechanische Pr\u00e4zisionsdreherei f\u00fcr die Herstellung kleiner mechanischer Teile f\u00fcr Equipment der Lebensmittelindustrie.\" \/>\n<meta property=\"og:url\" content=\"https:\/\/rpsantini.com\/de\/lebensmitteltechnologie\/\" \/>\n<meta property=\"og:site_name\" content=\"RP Santini\" \/>\n<meta property=\"article:modified_time\" content=\"2023-03-09T09:21:07+00:00\" \/>\n<meta property=\"og:image\" content=\"https:\/\/rpsantini.com\/wp-content\/uploads\/2021\/10\/TECNOALIMENTARE_1.jpg\" \/>\n<meta name=\"twitter:card\" content=\"summary_large_image\" \/>\n<script type=\"application\/ld+json\" class=\"yoast-schema-graph\">{\"@context\":\"https:\/\/schema.org\",\"@graph\":[{\"@type\":\"WebSite\",\"@id\":\"https:\/\/rpsantini.com\/#website\",\"url\":\"https:\/\/rpsantini.com\/\",\"name\":\"RP Santini\",\"description\":\"\",\"potentialAction\":[{\"@type\":\"SearchAction\",\"target\":{\"@type\":\"EntryPoint\",\"urlTemplate\":\"https:\/\/rpsantini.com\/?s={search_term_string}\"},\"query-input\":\"required name=search_term_string\"}],\"inLanguage\":\"de\"},{\"@type\":\"ImageObject\",\"@id\":\"https:\/\/rpsantini.com\/de\/lebensmitteltechnologie\/#primaryimage\",\"inLanguage\":\"de\",\"url\":\"https:\/\/rpsantini.com\/wp-content\/uploads\/2021\/10\/TECNOALIMENTARE_1.jpg\",\"contentUrl\":\"https:\/\/rpsantini.com\/wp-content\/uploads\/2021\/10\/TECNOALIMENTARE_1.jpg\",\"width\":600,\"height\":600},{\"@type\":\"WebPage\",\"@id\":\"https:\/\/rpsantini.com\/de\/lebensmitteltechnologie\/#webpage\",\"url\":\"https:\/\/rpsantini.com\/de\/lebensmitteltechnologie\/\",\"name\":\"Pr\\u00e4zisionsdreherei f\\u00fcr Maschinen der Lebensmittelindustrie | RP Santini\",\"isPartOf\":{\"@id\":\"https:\/\/rpsantini.com\/#website\"},\"primaryImageOfPage\":{\"@id\":\"https:\/\/rpsantini.com\/de\/lebensmitteltechnologie\/#primaryimage\"},\"datePublished\":\"2021-10-01T12:28:54+00:00\",\"dateModified\":\"2023-03-09T09:21:07+00:00\",\"description\":\"RP Santini, mechanische Pr\\u00e4zisionsdreherei f\\u00fcr die Herstellung kleiner mechanischer Teile f\\u00fcr Equipment der Lebensmittelindustrie.\",\"breadcrumb\":{\"@id\":\"https:\/\/rpsantini.com\/de\/lebensmitteltechnologie\/#breadcrumb\"},\"inLanguage\":\"de\",\"potentialAction\":[{\"@type\":\"ReadAction\",\"target\":[\"https:\/\/rpsantini.com\/de\/lebensmitteltechnologie\/\"]}]},{\"@type\":\"BreadcrumbList\",\"@id\":\"https:\/\/rpsantini.com\/de\/lebensmitteltechnologie\/#breadcrumb\",\"itemListElement\":[{\"@type\":\"ListItem\",\"position\":1,\"name\":\"Home\",\"item\":\"https:\/\/rpsantini.com\/de\/\"},{\"@type\":\"ListItem\",\"position\":2,\"name\":\"Lebensmitteltechnologie\"}]}]}<\/script>\n<!-- \/ Yoast SEO plugin. -->","yoast_head_json":{"title":"Pr\u00e4zisionsdreherei f\u00fcr Maschinen der Lebensmittelindustrie | RP Santini","description":"RP Santini, mechanische Pr\u00e4zisionsdreherei f\u00fcr die Herstellung kleiner mechanischer Teile f\u00fcr Equipment der Lebensmittelindustrie.","robots":{"index":"index","follow":"follow","max-snippet":"max-snippet:-1","max-image-preview":"max-image-preview:large","max-video-preview":"max-video-preview:-1"},"canonical":"https:\/\/rpsantini.com\/de\/lebensmitteltechnologie\/","og_locale":"de_DE","og_type":"article","og_title":"Pr\u00e4zisionsdreherei f\u00fcr Maschinen der Lebensmittelindustrie | RP Santini","og_description":"RP Santini, mechanische Pr\u00e4zisionsdreherei f\u00fcr die Herstellung kleiner mechanischer Teile f\u00fcr Equipment der Lebensmittelindustrie.","og_url":"https:\/\/rpsantini.com\/de\/lebensmitteltechnologie\/","og_site_name":"RP Santini","article_modified_time":"2023-03-09T09:21:07+00:00","og_image":[{"url":"https:\/\/rpsantini.com\/wp-content\/uploads\/2021\/10\/TECNOALIMENTARE_1.jpg"}],"twitter_card":"summary_large_image","schema":{"@context":"https:\/\/schema.org","@graph":[{"@type":"WebSite","@id":"https:\/\/rpsantini.com\/#website","url":"https:\/\/rpsantini.com\/","name":"RP Santini","description":"","potentialAction":[{"@type":"SearchAction","target":{"@type":"EntryPoint","urlTemplate":"https:\/\/rpsantini.com\/?s={search_term_string}"},"query-input":"required name=search_term_string"}],"inLanguage":"de"},{"@type":"ImageObject","@id":"https:\/\/rpsantini.com\/de\/lebensmitteltechnologie\/#primaryimage","inLanguage":"de","url":"https:\/\/rpsantini.com\/wp-content\/uploads\/2021\/10\/TECNOALIMENTARE_1.jpg","contentUrl":"https:\/\/rpsantini.com\/wp-content\/uploads\/2021\/10\/TECNOALIMENTARE_1.jpg","width":600,"height":600},{"@type":"WebPage","@id":"https:\/\/rpsantini.com\/de\/lebensmitteltechnologie\/#webpage","url":"https:\/\/rpsantini.com\/de\/lebensmitteltechnologie\/","name":"Pr\u00e4zisionsdreherei f\u00fcr Maschinen der Lebensmittelindustrie | RP Santini","isPartOf":{"@id":"https:\/\/rpsantini.com\/#website"},"primaryImageOfPage":{"@id":"https:\/\/rpsantini.com\/de\/lebensmitteltechnologie\/#primaryimage"},"datePublished":"2021-10-01T12:28:54+00:00","dateModified":"2023-03-09T09:21:07+00:00","description":"RP Santini, mechanische Pr\u00e4zisionsdreherei f\u00fcr die Herstellung kleiner mechanischer Teile f\u00fcr Equipment der Lebensmittelindustrie.","breadcrumb":{"@id":"https:\/\/rpsantini.com\/de\/lebensmitteltechnologie\/#breadcrumb"},"inLanguage":"de","potentialAction":[{"@type":"ReadAction","target":["https:\/\/rpsantini.com\/de\/lebensmitteltechnologie\/"]}]},{"@type":"BreadcrumbList","@id":"https:\/\/rpsantini.com\/de\/lebensmitteltechnologie\/#breadcrumb","itemListElement":[{"@type":"ListItem","position":1,"name":"Home","item":"https:\/\/rpsantini.com\/de\/"},{"@type":"ListItem","position":2,"name":"Lebensmitteltechnologie"}]}]}},"_links":{"self":[{"href":"https:\/\/rpsantini.com\/de\/wp-json\/wp\/v2\/pages\/5869","targetHints":{"allow":["GET"]}}],"collection":[{"href":"https:\/\/rpsantini.com\/de\/wp-json\/wp\/v2\/pages"}],"about":[{"href":"https:\/\/rpsantini.com\/de\/wp-json\/wp\/v2\/types\/page"}],"author":[{"embeddable":true,"href":"https:\/\/rpsantini.com\/de\/wp-json\/wp\/v2\/users\/1"}],"replies":[{"embeddable":true,"href":"https:\/\/rpsantini.com\/de\/wp-json\/wp\/v2\/comments?post=5869"}],"version-history":[{"count":10,"href":"https:\/\/rpsantini.com\/de\/wp-json\/wp\/v2\/pages\/5869\/revisions"}],"predecessor-version":[{"id":6280,"href":"https:\/\/rpsantini.com\/de\/wp-json\/wp\/v2\/pages\/5869\/revisions\/6280"}],"wp:attachment":[{"href":"https:\/\/rpsantini.com\/de\/wp-json\/wp\/v2\/media?parent=5869"}],"curies":[{"name":"wp","href":"https:\/\/api.w.org\/{rel}","templated":true}]}}