{"id":5751,"date":"2021-10-12T09:07:56","date_gmt":"2021-10-12T07:07:56","guid":{"rendered":"https:\/\/rpsantini.com\/santini-produzione\/"},"modified":"2021-10-22T14:55:25","modified_gmt":"2021-10-22T12:55:25","slug":"produktion","status":"publish","type":"page","link":"https:\/\/rpsantini.com\/de\/produktion\/","title":{"rendered":"Produktion"},"content":{"rendered":"\t\t<div data-elementor-type=\"wp-page\" data-elementor-id=\"5751\" class=\"elementor elementor-5751\" data-elementor-settings=\"[]\">\n\t\t\t\t\t\t\t<div class=\"elementor-section-wrap\">\n\t\t\t\t\t        <section class=\"elementor-section elementor-top-section elementor-element elementor-element-7e12b90 elementor-section-stretched elementor-section-boxed elementor-section-height-default elementor-section-height-default\" data-id=\"7e12b90\" data-element_type=\"section\" data-settings=\"{&quot;stretch_section&quot;:&quot;section-stretched&quot;,&quot;background_background&quot;:&quot;classic&quot;}\">\n                            <div class=\"elementor-background-overlay\"><\/div>\n                \n                        <div class=\"elementor-container elementor-column-gap-default \">\n                    <div class=\"elementor-column elementor-col-100 elementor-top-column elementor-element elementor-element-f936f7b\" data-id=\"f936f7b\" data-element_type=\"column\">\n            <div class=\"elementor-widget-wrap elementor-element-populated\">\n                        \t\t<div class=\"elementor-element elementor-element-01e8e84 elementor-widget elementor-widget-cms_heading\" data-id=\"01e8e84\" data-element_type=\"widget\" data-widget_type=\"cms_heading.default\">\n\t\t\t\t<div class=\"elementor-widget-container\">\n\t\t\t<div class=\"cms-heading-wrapper cms-heading-layout1\">\r\n    \r\n            <h1 class=\"custom-heading\">\r\n            <span >Herstellung von Pr\u00e4zisionskleinteilen im Lohnauftrag<\/span>\r\n        <\/h1>\r\n        \r\n    <\/div>\t\t<\/div>\n\t\t\t\t<\/div>\n\t\t            <\/div>\n        <\/div>\n                            <\/div>\n        <\/section>\n                <section class=\"elementor-section elementor-inner-section elementor-element elementor-element-14097385 elementor-section-boxed elementor-section-height-default elementor-section-height-default\" data-id=\"14097385\" data-element_type=\"section\">\n            \n                        <div class=\"elementor-container elementor-column-gap-extended \">\n                    <div class=\"elementor-column elementor-col-33 elementor-inner-column elementor-element elementor-element-246a9fa8\" data-id=\"246a9fa8\" data-element_type=\"column\">\n            <div class=\"elementor-widget-wrap elementor-element-populated\">\n                        \t\t<div class=\"elementor-element elementor-element-2bbdd92f elementor-position-top elementor-vertical-align-top elementor-widget elementor-widget-image-box\" data-id=\"2bbdd92f\" data-element_type=\"widget\" data-widget_type=\"image-box.default\">\n\t\t\t\t<div class=\"elementor-widget-container\">\n\t\t\t<div class=\"elementor-image-box-wrapper\"><figure class=\"elementor-image-box-img\"><img loading=\"lazy\" decoding=\"async\" width=\"600\" height=\"600\" src=\"https:\/\/rpsantini.com\/wp-content\/uploads\/2021\/10\/CONTROLLO-QUALITa\u0300.jpg\" class=\"attachment-full size-full\" alt=\"\" \/><\/figure><div class=\"elementor-image-box-content\"><h3 class=\"elementor-image-box-title\">Qualit\u00e4tskontrolle<\/h3><\/div><\/div>\t\t<\/div>\n\t\t\t\t<\/div>\n\t\t\t\t<div class=\"elementor-element elementor-element-2d089acc elementor-align-center elementor-widget elementor-widget-cms_button_more\" data-id=\"2d089acc\" data-element_type=\"widget\" data-widget_type=\"cms_button_more.default\">\n\t\t\t\t<div class=\"elementor-widget-container\">\n\t\t\t<div class=\"cms-button-readmore1\">\r\n    <a href=\"https:\/\/rpsantini.com\/de\/produzione\/qualitaet\/\" class=\"btn-more more-primary\">\r\n        <span >Erfahren Sie mehr<i class=\"fac fac-arrow-right space-left\"><\/i><\/span>\r\n    <\/a>\r\n<\/div>\t\t<\/div>\n\t\t\t\t<\/div>\n\t\t            <\/div>\n        <\/div>\n                <div class=\"elementor-column elementor-col-33 elementor-inner-column elementor-element elementor-element-19fddca7\" data-id=\"19fddca7\" data-element_type=\"column\">\n            <div class=\"elementor-widget-wrap elementor-element-populated\">\n                        \t\t<div class=\"elementor-element elementor-element-55dde682 elementor-position-top elementor-vertical-align-top elementor-widget elementor-widget-image-box\" data-id=\"55dde682\" data-element_type=\"widget\" data-widget_type=\"image-box.default\">\n\t\t\t\t<div class=\"elementor-widget-container\">\n\t\t\t<div class=\"elementor-image-box-wrapper\"><figure class=\"elementor-image-box-img\"><img loading=\"lazy\" decoding=\"async\" width=\"600\" height=\"600\" src=\"https:\/\/rpsantini.com\/wp-content\/uploads\/2021\/10\/MATERIALI-UTILIZZATI.jpg\" class=\"attachment-full size-full\" alt=\"\" \/><\/figure><div class=\"elementor-image-box-content\"><h3 class=\"elementor-image-box-title\">Verwendete Materialien<\/h3><\/div><\/div>\t\t<\/div>\n\t\t\t\t<\/div>\n\t\t\t\t<div class=\"elementor-element elementor-element-5fa519cb elementor-align-center elementor-widget elementor-widget-cms_button_more\" data-id=\"5fa519cb\" data-element_type=\"widget\" data-widget_type=\"cms_button_more.default\">\n\t\t\t\t<div class=\"elementor-widget-container\">\n\t\t\t<div class=\"cms-button-readmore1\">\r\n    <a href=\"https:\/\/rpsantini.com\/de\/produzione\/materialien\/\" class=\"btn-more more-primary\">\r\n        <span >Erfahren Sie mehr<i class=\"fac fac-arrow-right space-left\"><\/i><\/span>\r\n    <\/a>\r\n<\/div>\t\t<\/div>\n\t\t\t\t<\/div>\n\t\t            <\/div>\n        <\/div>\n                <div class=\"elementor-column elementor-col-33 elementor-inner-column elementor-element elementor-element-5dbc923\" data-id=\"5dbc923\" data-element_type=\"column\">\n            <div class=\"elementor-widget-wrap elementor-element-populated\">\n                        \t\t<div class=\"elementor-element elementor-element-ccb3ff8 elementor-position-top elementor-vertical-align-top elementor-widget elementor-widget-image-box\" data-id=\"ccb3ff8\" data-element_type=\"widget\" data-widget_type=\"image-box.default\">\n\t\t\t\t<div class=\"elementor-widget-container\">\n\t\t\t<div class=\"elementor-image-box-wrapper\"><figure class=\"elementor-image-box-img\"><img loading=\"lazy\" decoding=\"async\" width=\"600\" height=\"600\" src=\"https:\/\/rpsantini.com\/wp-content\/uploads\/2021\/10\/PARCO-MACCHINE.jpg\" class=\"attachment-full size-full\" alt=\"\" \/><\/figure><div class=\"elementor-image-box-content\"><h3 class=\"elementor-image-box-title\">Maschinenpark<\/h3><\/div><\/div>\t\t<\/div>\n\t\t\t\t<\/div>\n\t\t\t\t<div class=\"elementor-element elementor-element-4be6fd0 elementor-align-center elementor-widget elementor-widget-cms_button_more\" data-id=\"4be6fd0\" data-element_type=\"widget\" data-widget_type=\"cms_button_more.default\">\n\t\t\t\t<div class=\"elementor-widget-container\">\n\t\t\t<div class=\"cms-button-readmore1\">\r\n    <a href=\"https:\/\/rpsantini.com\/de\/produzione\/maschinen\/\" class=\"btn-more more-primary\">\r\n        <span >Erfahren Sie mehr<i class=\"fac fac-arrow-right space-left\"><\/i><\/span>\r\n    <\/a>\r\n<\/div>\t\t<\/div>\n\t\t\t\t<\/div>\n\t\t            <\/div>\n        <\/div>\n                            <\/div>\n        <\/section>\n                <section class=\"elementor-section elementor-inner-section elementor-element elementor-element-5c8fef19 elementor-section-boxed elementor-section-height-default elementor-section-height-default\" data-id=\"5c8fef19\" data-element_type=\"section\" data-settings=\"{&quot;background_background&quot;:&quot;classic&quot;}\">\n            \n                        <div class=\"elementor-container elementor-column-gap-default \">\n                    <div class=\"elementor-column elementor-col-50 elementor-inner-column elementor-element elementor-element-626fc14a\" data-id=\"626fc14a\" data-element_type=\"column\" data-settings=\"{&quot;background_background&quot;:&quot;classic&quot;}\">\n            <div class=\"elementor-widget-wrap elementor-element-populated\">\n                        \t\t<div class=\"elementor-element elementor-element-512737cb elementor-widget elementor-widget-text-editor\" data-id=\"512737cb\" data-element_type=\"widget\" data-widget_type=\"text-editor.default\">\n\t\t\t\t<div class=\"elementor-widget-container\">\n\t\t\t\t\t\t\t<h6 style=\"color: #fff; margin-bottom: 11px;\">Unser Firmensitz<\/h6>\nVia M. Fantelli, 6\/A\n43122 Parma \u2013 Italien\t\t\t\t\t\t<\/div>\n\t\t\t\t<\/div>\n\t\t\t\t<div class=\"elementor-element elementor-element-6fffeae9 elementor-widget elementor-widget-text-editor\" data-id=\"6fffeae9\" data-element_type=\"widget\" data-widget_type=\"text-editor.default\">\n\t\t\t\t<div class=\"elementor-widget-container\">\n\t\t\t\t\t\t\t<h6 style=\"color: #fff; margin-bottom: 11px;\">Kontakt<\/h6>\nE-mail: vendite@rpsantini.com\t\t\t\t\t\t<\/div>\n\t\t\t\t<\/div>\n\t\t\t\t<div class=\"elementor-element elementor-element-7ba37c50 elementor-widget elementor-widget-text-editor\" data-id=\"7ba37c50\" data-element_type=\"widget\" data-widget_type=\"text-editor.default\">\n\t\t\t\t<div class=\"elementor-widget-container\">\n\t\t\t\t\t\t\t<p style=\"color: #ffffff;\"> Wir sind von Montag bis Freitag<br\/> von 9 bis 12 Uhr und von 14 bis<br\/>17 Uhr f\u00fcr Sie da.<\/p>\t\t\t\t\t\t<\/div>\n\t\t\t\t<\/div>\n\t\t\t\t<div class=\"elementor-element elementor-element-7cfb360f phone__number elementor-widget elementor-widget-cms_banner_contact\" data-id=\"7cfb360f\" data-element_type=\"widget\" data-widget_type=\"cms_banner_contact.default\">\n\t\t\t\t<div class=\"elementor-widget-container\">\n\t\t\t    <div class=\"cms-banner-contact1\">\r\n        <div class=\"cms-banner-holder\">\r\n            <div class=\"cms-banner-desc\"><\/div>\r\n            <div class=\"cms-banner-phone\"><i class=\"zmdi zmdi-phone\"><\/i>+ 39 0521 272823<\/div>\r\n        <\/div>\r\n    <\/div>\t\t<\/div>\n\t\t\t\t<\/div>\n\t\t            <\/div>\n        <\/div>\n                <div class=\"elementor-column elementor-col-50 elementor-inner-column elementor-element elementor-element-51028592\" data-id=\"51028592\" data-element_type=\"column\">\n            <div class=\"elementor-widget-wrap elementor-element-populated\">\n                        \t\t<div class=\"elementor-element elementor-element-24049345 elementor-widget elementor-widget-cms_ctf7\" data-id=\"24049345\" data-element_type=\"widget\" data-widget_type=\"cms_ctf7.default\">\n\t\t\t\t<div class=\"elementor-widget-container\">\n\t\t\t    <div id=\"cms_ctf7-24049345\" class=\"cms-contact-form-layout1 style1\">\r\n        <div class=\"cms-contact-form-inner\">\r\n        \t            <div role=\"form\" class=\"wpcf7\" id=\"wpcf7-f5747-o1\" lang=\"de-DE\" dir=\"ltr\">\n<div class=\"screen-reader-response\"><p role=\"status\" aria-live=\"polite\" aria-atomic=\"true\"><\/p> <ul><\/ul><\/div>\n<form action=\"\/de\/wp-json\/wp\/v2\/pages\/5751#wpcf7-f5747-o1\" method=\"post\" class=\"wpcf7-form init\" novalidate=\"novalidate\" data-status=\"init\">\n<div style=\"display: none;\">\n<input type=\"hidden\" name=\"_wpcf7\" value=\"5747\" \/>\n<input type=\"hidden\" name=\"_wpcf7_version\" value=\"5.4.2\" \/>\n<input type=\"hidden\" name=\"_wpcf7_locale\" value=\"de_DE\" \/>\n<input type=\"hidden\" name=\"_wpcf7_unit_tag\" value=\"wpcf7-f5747-o1\" \/>\n<input type=\"hidden\" name=\"_wpcf7_container_post\" value=\"0\" \/>\n<input type=\"hidden\" name=\"_wpcf7_posted_data_hash\" value=\"\" \/>\n<\/div>\n<div class=\"row\">\n    <div class=\"col-sm-12 col-md-6 col-lg-6\">\n        <div class=\"input-filled\"><span class=\"wpcf7-form-control-wrap nome\"><input type=\"text\" name=\"nome\" value=\"\" size=\"40\" class=\"wpcf7-form-control wpcf7-text wpcf7-validates-as-required\" aria-required=\"true\" aria-invalid=\"false\" placeholder=\"Vorname*\" \/><\/span><\/div>\n    <\/div>\n    <div class=\"col-sm-12 col-md-6 col-lg-6\">\n        <div class=\"input-filled\"><span class=\"wpcf7-form-control-wrap cognome\"><input type=\"text\" name=\"cognome\" value=\"\" size=\"40\" class=\"wpcf7-form-control wpcf7-text wpcf7-validates-as-required\" aria-required=\"true\" aria-invalid=\"false\" placeholder=\"Nachname*\" \/><\/span><\/div>\n    <\/div>\n<\/div>\n\n<div class=\"row\">\n    <div class=\"col-sm-12 col-md-6 col-lg-6\">\n        <div class=\"input-filled\"><span class=\"wpcf7-form-control-wrap telefono\"><input type=\"text\" name=\"telefono\" value=\"\" size=\"40\" class=\"wpcf7-form-control wpcf7-text wpcf7-validates-as-required\" aria-required=\"true\" aria-invalid=\"false\" placeholder=\"Telefon\" \/><\/span><\/div>\n    <\/div>\n    <div class=\"col-sm-12 col-md-6 col-lg-6\">\n        <div class=\"input-filled\"><span class=\"wpcf7-form-control-wrap e-mail\"><input type=\"email\" name=\"e-mail\" value=\"\" size=\"40\" class=\"wpcf7-form-control wpcf7-text wpcf7-email wpcf7-validates-as-required wpcf7-validates-as-email\" aria-required=\"true\" aria-invalid=\"false\" placeholder=\"Email*\" \/><\/span><\/div>\n    <\/div>\n<\/div>\n\n<div class=\"row\">\n    <div class=\"col-12\">\n        <div class=\"input-filled\"><span class=\"wpcf7-form-control-wrap messaggio\"><textarea name=\"messaggio\" cols=\"40\" rows=\"10\" class=\"wpcf7-form-control wpcf7-textarea wpcf7-validates-as-required\" aria-required=\"true\" aria-invalid=\"false\" placeholder=\"Geben Sie hier Ihre Nachricht ein\"><\/textarea><\/span><\/div>\n    <\/div>\n<\/div>\n\n<div class=\"row\">\n    <div class=\"col-12 flex-1025 form__acceptance\" style=\"margin-top: -20px;\">\n<span class=\"wpcf7-form-control-wrap acceptance-52\"><span class=\"wpcf7-form-control wpcf7-acceptance\"><span class=\"wpcf7-list-item\"><label><input type=\"checkbox\" name=\"acceptance-52\" value=\"1\" aria-invalid=\"false\" \/><span class=\"wpcf7-list-item-label\">Ich akzeptiere die Verarbeitung personenbezogener Daten gem\u00e4\u00df der Datenschutzrichtlinie\u00a0<a href=\"https:\/\/www.iubenda.com\/privacy-policy\/24868672\" target=\"_BLANK\">privacy policy<\/a><\/span><\/span><\/label><\/span><\/span><\/span>\n      <button type=\"submit\" class=\"wpcf7-submit btn btn-big btn-secondary\">Senden<i class=\"far fac-arrow-right space-left\"><\/i><\/button>\n\n    <\/div>\n<\/div><div class=\"wpcf7-response-output\" aria-hidden=\"true\"><\/div><\/form><\/div>        <\/div>\r\n    <\/div>\r\n\t\t<\/div>\n\t\t\t\t<\/div>\n\t\t\t\t<div class=\"elementor-element elementor-element-55589513 elementor-widget elementor-widget-text-editor\" data-id=\"55589513\" data-element_type=\"widget\" data-widget_type=\"text-editor.default\">\n\t\t\t\t<div class=\"elementor-widget-container\">\n\t\t\t\t\t\t\t<p class=\"p1\"><b>M\u00f6chten Sie weitere Informationen anfordern?<\/b>\nF\u00fcllen Sie das Formular vollst\u00e4ndig aus, um weitere Informationen \u00fcber unsere Produkte, unsere Dienstleistungen und unser Unternehmen zu erhalten. Wir werden uns mit Ihnen in Verbindung setzen.\n\nVerbindung setzen! <\/p>\t\t\t\t\t\t<\/div>\n\t\t\t\t<\/div>\n\t\t            <\/div>\n        <\/div>\n                            <\/div>\n        <\/section>\n        \t\t\t\t<\/div>\n\t\t\t\t\t<\/div>\n\t\t","protected":false},"excerpt":{"rendered":"<p>Herstellung von Pr\u00e4zisionskleinteilen im Lohnauftrag Qualit\u00e4tskontrolle Erfahren Sie mehr Verwendete Materialien Erfahren Sie mehr Maschinenpark Erfahren Sie mehr Unser Firmensitz Via M. Fantelli, 6\/A 43122 Parma \u2013 Italien Kontakt E-mail: vendite@rpsantini.com Wir sind von Montag bis Freitag von 9 bis 12 Uhr und von 14 bis17 Uhr f\u00fcr Sie da. + 39 0521 272823 Accetto [&hellip;]<\/p>\n","protected":false},"author":1,"featured_media":0,"parent":0,"menu_order":0,"comment_status":"closed","ping_status":"closed","template":"","meta":{"footnotes":""},"class_list":["post-5751","page","type-page","status-publish","hentry"],"yoast_head":"<!-- This site is optimized with the Yoast SEO plugin v17.3 - https:\/\/yoast.com\/wordpress\/plugins\/seo\/ -->\n<title>Produktion von feinmechanischen Kleinteilen | Spezialbearbeitung<\/title>\n<meta name=\"description\" content=\"RP Santini: Bearbeitung von mechanischen Pr\u00e4zisionsteilen im Lohnauftrag. Ben\u00f6tigen Sie eine Produktion nach Ma\u00df? Senden Sie eine Anfrage.\" \/>\n<meta name=\"robots\" content=\"index, follow, max-snippet:-1, max-image-preview:large, max-video-preview:-1\" \/>\n<link rel=\"canonical\" href=\"https:\/\/rpsantini.com\/de\/produktion\/\" \/>\n<meta property=\"og:locale\" content=\"de_DE\" \/>\n<meta property=\"og:type\" content=\"article\" \/>\n<meta property=\"og:title\" content=\"Produktion von feinmechanischen Kleinteilen | Spezialbearbeitung\" \/>\n<meta property=\"og:description\" content=\"RP Santini: Bearbeitung von mechanischen Pr\u00e4zisionsteilen im Lohnauftrag. Ben\u00f6tigen Sie eine Produktion nach Ma\u00df? Senden Sie eine Anfrage.\" \/>\n<meta property=\"og:url\" content=\"https:\/\/rpsantini.com\/de\/produktion\/\" \/>\n<meta property=\"og:site_name\" content=\"RP Santini\" \/>\n<meta property=\"article:modified_time\" content=\"2021-10-22T12:55:25+00:00\" \/>\n<meta property=\"og:image\" content=\"https:\/\/rpsantini.com\/wp-content\/uploads\/2021\/10\/CONTROLLO-QUALITa\u0300.jpg\" \/>\n<meta name=\"twitter:card\" content=\"summary_large_image\" \/>\n<script type=\"application\/ld+json\" class=\"yoast-schema-graph\">{\"@context\":\"https:\/\/schema.org\",\"@graph\":[{\"@type\":\"WebSite\",\"@id\":\"https:\/\/rpsantini.com\/#website\",\"url\":\"https:\/\/rpsantini.com\/\",\"name\":\"RP Santini\",\"description\":\"\",\"potentialAction\":[{\"@type\":\"SearchAction\",\"target\":{\"@type\":\"EntryPoint\",\"urlTemplate\":\"https:\/\/rpsantini.com\/?s={search_term_string}\"},\"query-input\":\"required name=search_term_string\"}],\"inLanguage\":\"de\"},{\"@type\":\"ImageObject\",\"@id\":\"https:\/\/rpsantini.com\/de\/produktion\/#primaryimage\",\"inLanguage\":\"de\",\"url\":\"https:\/\/rpsantini.com\/wp-content\/uploads\/2021\/10\/CONTROLLO-QUALITa\\u0300.jpg\",\"contentUrl\":\"https:\/\/rpsantini.com\/wp-content\/uploads\/2021\/10\/CONTROLLO-QUALITa\\u0300.jpg\",\"width\":600,\"height\":600},{\"@type\":\"WebPage\",\"@id\":\"https:\/\/rpsantini.com\/de\/produktion\/#webpage\",\"url\":\"https:\/\/rpsantini.com\/de\/produktion\/\",\"name\":\"Produktion von feinmechanischen Kleinteilen | Spezialbearbeitung\",\"isPartOf\":{\"@id\":\"https:\/\/rpsantini.com\/#website\"},\"primaryImageOfPage\":{\"@id\":\"https:\/\/rpsantini.com\/de\/produktion\/#primaryimage\"},\"datePublished\":\"2021-10-12T07:07:56+00:00\",\"dateModified\":\"2021-10-22T12:55:25+00:00\",\"description\":\"RP Santini: Bearbeitung von mechanischen Pr\\u00e4zisionsteilen im Lohnauftrag. Ben\\u00f6tigen Sie eine Produktion nach Ma\\u00df? Senden Sie eine Anfrage.\",\"breadcrumb\":{\"@id\":\"https:\/\/rpsantini.com\/de\/produktion\/#breadcrumb\"},\"inLanguage\":\"de\",\"potentialAction\":[{\"@type\":\"ReadAction\",\"target\":[\"https:\/\/rpsantini.com\/de\/produktion\/\"]}]},{\"@type\":\"BreadcrumbList\",\"@id\":\"https:\/\/rpsantini.com\/de\/produktion\/#breadcrumb\",\"itemListElement\":[{\"@type\":\"ListItem\",\"position\":1,\"name\":\"Home\",\"item\":\"https:\/\/rpsantini.com\/de\/\"},{\"@type\":\"ListItem\",\"position\":2,\"name\":\"Produktion\"}]}]}<\/script>\n<!-- \/ Yoast SEO plugin. -->","yoast_head_json":{"title":"Produktion von feinmechanischen Kleinteilen | Spezialbearbeitung","description":"RP Santini: Bearbeitung von mechanischen Pr\u00e4zisionsteilen im Lohnauftrag. Ben\u00f6tigen Sie eine Produktion nach Ma\u00df? Senden Sie eine Anfrage.","robots":{"index":"index","follow":"follow","max-snippet":"max-snippet:-1","max-image-preview":"max-image-preview:large","max-video-preview":"max-video-preview:-1"},"canonical":"https:\/\/rpsantini.com\/de\/produktion\/","og_locale":"de_DE","og_type":"article","og_title":"Produktion von feinmechanischen Kleinteilen | Spezialbearbeitung","og_description":"RP Santini: Bearbeitung von mechanischen Pr\u00e4zisionsteilen im Lohnauftrag. Ben\u00f6tigen Sie eine Produktion nach Ma\u00df? Senden Sie eine Anfrage.","og_url":"https:\/\/rpsantini.com\/de\/produktion\/","og_site_name":"RP Santini","article_modified_time":"2021-10-22T12:55:25+00:00","og_image":[{"url":"https:\/\/rpsantini.com\/wp-content\/uploads\/2021\/10\/CONTROLLO-QUALITa\u0300.jpg"}],"twitter_card":"summary_large_image","schema":{"@context":"https:\/\/schema.org","@graph":[{"@type":"WebSite","@id":"https:\/\/rpsantini.com\/#website","url":"https:\/\/rpsantini.com\/","name":"RP Santini","description":"","potentialAction":[{"@type":"SearchAction","target":{"@type":"EntryPoint","urlTemplate":"https:\/\/rpsantini.com\/?s={search_term_string}"},"query-input":"required name=search_term_string"}],"inLanguage":"de"},{"@type":"ImageObject","@id":"https:\/\/rpsantini.com\/de\/produktion\/#primaryimage","inLanguage":"de","url":"https:\/\/rpsantini.com\/wp-content\/uploads\/2021\/10\/CONTROLLO-QUALITa\u0300.jpg","contentUrl":"https:\/\/rpsantini.com\/wp-content\/uploads\/2021\/10\/CONTROLLO-QUALITa\u0300.jpg","width":600,"height":600},{"@type":"WebPage","@id":"https:\/\/rpsantini.com\/de\/produktion\/#webpage","url":"https:\/\/rpsantini.com\/de\/produktion\/","name":"Produktion von feinmechanischen Kleinteilen | Spezialbearbeitung","isPartOf":{"@id":"https:\/\/rpsantini.com\/#website"},"primaryImageOfPage":{"@id":"https:\/\/rpsantini.com\/de\/produktion\/#primaryimage"},"datePublished":"2021-10-12T07:07:56+00:00","dateModified":"2021-10-22T12:55:25+00:00","description":"RP Santini: Bearbeitung von mechanischen Pr\u00e4zisionsteilen im Lohnauftrag. Ben\u00f6tigen Sie eine Produktion nach Ma\u00df? Senden Sie eine Anfrage.","breadcrumb":{"@id":"https:\/\/rpsantini.com\/de\/produktion\/#breadcrumb"},"inLanguage":"de","potentialAction":[{"@type":"ReadAction","target":["https:\/\/rpsantini.com\/de\/produktion\/"]}]},{"@type":"BreadcrumbList","@id":"https:\/\/rpsantini.com\/de\/produktion\/#breadcrumb","itemListElement":[{"@type":"ListItem","position":1,"name":"Home","item":"https:\/\/rpsantini.com\/de\/"},{"@type":"ListItem","position":2,"name":"Produktion"}]}]}},"_links":{"self":[{"href":"https:\/\/rpsantini.com\/de\/wp-json\/wp\/v2\/pages\/5751","targetHints":{"allow":["GET"]}}],"collection":[{"href":"https:\/\/rpsantini.com\/de\/wp-json\/wp\/v2\/pages"}],"about":[{"href":"https:\/\/rpsantini.com\/de\/wp-json\/wp\/v2\/types\/page"}],"author":[{"embeddable":true,"href":"https:\/\/rpsantini.com\/de\/wp-json\/wp\/v2\/users\/1"}],"replies":[{"embeddable":true,"href":"https:\/\/rpsantini.com\/de\/wp-json\/wp\/v2\/comments?post=5751"}],"version-history":[{"count":13,"href":"https:\/\/rpsantini.com\/de\/wp-json\/wp\/v2\/pages\/5751\/revisions"}],"predecessor-version":[{"id":6043,"href":"https:\/\/rpsantini.com\/de\/wp-json\/wp\/v2\/pages\/5751\/revisions\/6043"}],"wp:attachment":[{"href":"https:\/\/rpsantini.com\/de\/wp-json\/wp\/v2\/media?parent=5751"}],"curies":[{"name":"wp","href":"https:\/\/api.w.org\/{rel}","templated":true}]}}